{"id":1126,"date":"2023-06-20T14:29:56","date_gmt":"2023-06-20T07:29:56","guid":{"rendered":"https:\/\/sob.ueh.edu.vn\/en\/?page_id=1126"},"modified":"2024-10-03T09:51:32","modified_gmt":"2024-10-03T02:51:32","slug":"co-cau-to-chuc","status":"publish","type":"page","link":"https:\/\/sob.ueh.edu.vn\/en\/gioi-thieu\/co-cau-to-chuc\/","title":{"rendered":"C\u01a1 c\u1ea5u t\u1ed5 ch\u1ee9c"},"content":{"rendered":"\t\t<div data-elementor-type=\"wp-page\" data-elementor-id=\"1126\" class=\"elementor elementor-1126\" data-elementor-post-type=\"page\">\n\t\t\t\t\t\t<section class=\"elementor-section elementor-top-section elementor-element elementor-element-7a86019 elementor-section-boxed elementor-section-height-default elementor-section-height-default\" data-id=\"7a86019\" data-element_type=\"section\" data-settings=\"{&quot;jet_parallax_layout_list&quot;:[]}\">\n\t\t\t\t\t\t<div class=\"elementor-container elementor-column-gap-default\">\n\t\t\t\t\t<div class=\"elementor-column elementor-col-50 elementor-top-column elementor-element elementor-element-059d67c\" data-id=\"059d67c\" data-element_type=\"column\">\n\t\t\t<div class=\"elementor-widget-wrap elementor-element-populated\">\n\t\t\t\t\t\t<div class=\"elementor-element elementor-element-c94f05a premium-header-inline elementor-widget elementor-widget-premium-addon-dual-header\" data-id=\"c94f05a\" data-element_type=\"widget\" data-widget_type=\"premium-addon-dual-header.default\">\n\t\t\t\t<div class=\"elementor-widget-container\">\n\t\t\t\t\t\r\n\t\t\t\t\t<h2 class=\"premium-dual-header-first-header \"><span class=\"premium-dual-header-first-span\">Ban <\/span><span class=\"premium-dual-header-second-header \">L\u00e3nh \u0111\u1ea1o khoa<\/span><\/h2> \t\t\r\n\t\t\t\t\t\t<\/div>\n\t\t\t\t<\/div>\n\t\t\t\t<section class=\"elementor-section elementor-inner-section elementor-element elementor-element-71139e4 elementor-section-full_width elementor-section-height-default elementor-section-height-default\" data-id=\"71139e4\" data-element_type=\"section\" data-settings=\"{&quot;jet_parallax_layout_list&quot;:[]}\">\n\t\t\t\t\t\t<div class=\"elementor-container elementor-column-gap-default\">\n\t\t\t\t\t<div class=\"elementor-column elementor-col-100 elementor-inner-column elementor-element elementor-element-559758b\" data-id=\"559758b\" data-element_type=\"column\">\n\t\t\t<div class=\"elementor-widget-wrap elementor-element-populated\">\n\t\t\t\t\t\t<div class=\"elementor-element elementor-element-43c6ace elementor-widget__width-initial elementor-widget elementor-widget-premium-addon-person\" data-id=\"43c6ace\" data-element_type=\"widget\" data-settings=\"{&quot;carousel&quot;:&quot;yes&quot;,&quot;carousel_play&quot;:&quot;yes&quot;,&quot;persons_per_row&quot;:&quot;33.33%&quot;,&quot;persons_per_row_tablet&quot;:&quot;100%&quot;,&quot;persons_per_row_mobile&quot;:&quot;100%&quot;,&quot;speed&quot;:5000}\" data-widget_type=\"premium-addon-person.default\">\n\t\t\t\t<div class=\"elementor-widget-container\">\n\t\t\t\t\t\t\t<div class=\"premium-persons-container premium-person-style1 multiple-persons\" data-persons-equal=\"\" data-carousel=\"1\" data-rtl=\"\">\n\t\t\t\t\t\t\t\t<div class=\"premium-person-container premium-person-sepia-effect\">\n\t\t\t\t\t\t<div class=\"premium-person-image-container\">\n\t\t\t\t\t\t\t<img fetchpriority=\"high\" decoding=\"async\" width=\"2560\" height=\"1707\" src=\"https:\/\/sob.ueh.edu.vn\/en\/wp-content\/uploads\/2024\/10\/CN7A5190-scaled.jpg\" class=\"attachment-full size-full wp-image-10212\" alt=\"\" srcset=\"https:\/\/sob.ueh.edu.vn\/en\/wp-content\/uploads\/2024\/10\/CN7A5190-scaled.jpg 2560w, https:\/\/sob.ueh.edu.vn\/en\/wp-content\/uploads\/2024\/10\/CN7A5190-300x200.jpg 300w, https:\/\/sob.ueh.edu.vn\/en\/wp-content\/uploads\/2024\/10\/CN7A5190-1024x683.jpg 1024w, https:\/\/sob.ueh.edu.vn\/en\/wp-content\/uploads\/2024\/10\/CN7A5190-768x512.jpg 768w, https:\/\/sob.ueh.edu.vn\/en\/wp-content\/uploads\/2024\/10\/CN7A5190-1536x1024.jpg 1536w, https:\/\/sob.ueh.edu.vn\/en\/wp-content\/uploads\/2024\/10\/CN7A5190-2048x1365.jpg 2048w\" sizes=\"(max-width: 2560px) 100vw, 2560px\" \/>\t\t\t\t\t\t\t\t\t\t\t\t\t<\/div>\n\t\t\t\t\t\t<div class=\"premium-person-info\">\n\t\t\t\t\t\t\t\t\t\t<div class=\"premium-person-info-container\">\n\t\t\t\t\t\t\t\t\t<h3 class=\"premium-person-name\">\n\t\t\t\t\t\tTS. Ho\u00e0ng H\u1ea3i Y\u1ebfn\t\t\t\t\t<\/h3>\n\t\t\t\t\t\t\t\t\t\t\t<h4 class=\"premium-person-title\">\n\t\t\t\t\t\t\t<span>Tr\u01b0\u1edfng khoa<\/span>\n\t\t\t\t\t\t<\/h4>\n\t\t\t\t\t<ul class=\"premium-person-social-list\">\t\t\t\t<li class=\"elementor-icon premium-person-list-item premium-person-facebook\">\n\t\t\t\t\t<a href=\"#\" target=\"_blank\">\n\t\t\t\t\t\t<i class=\"fab fa-facebook-f\"><\/i>\n\t\t\t\t\t<\/a>\n\t\t\t\t<\/li>\n\t\t\t\t\t\t\t\t<li class=\"elementor-icon premium-person-list-item premium-person-twitter\">\n\t\t\t\t\t<a href=\"#\" target=\"_blank\">\n\t\t\t\t\t\t<i class=\"fab fa-twitter\"><\/i>\n\t\t\t\t\t<\/a>\n\t\t\t\t<\/li>\n\t\t\t\t\t\t\t\t<li class=\"elementor-icon premium-person-list-item premium-person-instagram\">\n\t\t\t\t\t<a href=\"#\" target=\"_blank\">\n\t\t\t\t\t\t<i class=\"fab fa-instagram\"><\/i>\n\t\t\t\t\t<\/a>\n\t\t\t\t<\/li>\n\t\t\t\t\t\t\t\t<li class=\"elementor-icon premium-person-list-item premium-person-dribbble\">\n\t\t\t\t\t<a href=\"#\" target=\"_blank\">\n\t\t\t\t\t\t<i class=\"fab fa-dribbble\"><\/i>\n\t\t\t\t\t<\/a>\n\t\t\t\t<\/li>\n\t\t\t\t<\/ul>\t\t\t<\/div>\n\t\t\t\t\t\t\t\t\t<\/div>\n\t\t\t\t\t<\/div>\n\t\t\t\t\t\t\t\t\t\t<div class=\"premium-person-container premium-person-sepia-effect\">\n\t\t\t\t\t\t<div class=\"premium-person-image-container\">\n\t\t\t\t\t\t\t<img decoding=\"async\" src=\"https:\/\/sob.ueh.edu.vn\/en\/v2\/wp-content\/uploads\/2023\/06\/DSC06305-1-481x420-1.jpg\" title=\"\" alt=\"\" loading=\"lazy\" \/>\t\t\t\t\t\t\t\t\t\t\t\t\t<\/div>\n\t\t\t\t\t\t<div class=\"premium-person-info\">\n\t\t\t\t\t\t\t\t\t\t<div class=\"premium-person-info-container\">\n\t\t\t\t\t\t\t\t\t<h3 class=\"premium-person-name\">\n\t\t\t\t\t\tThS. D\u01b0\u01a1ng T\u1ea5n Khoa\t\t\t\t\t<\/h3>\n\t\t\t\t\t\t\t\t\t\t\t<h4 class=\"premium-person-title\">\n\t\t\t\t\t\t\t<span>Ph\u00f3 Tr\u01b0\u1edfng Khoa<\/span>\n\t\t\t\t\t\t<\/h4>\n\t\t\t\t\t<ul class=\"premium-person-social-list\">\t\t\t\t<li class=\"elementor-icon premium-person-list-item premium-person-facebook\">\n\t\t\t\t\t<a href=\"#\" target=\"_blank\">\n\t\t\t\t\t\t<i class=\"fab fa-facebook-f\"><\/i>\n\t\t\t\t\t<\/a>\n\t\t\t\t<\/li>\n\t\t\t\t\t\t\t\t<li class=\"elementor-icon premium-person-list-item premium-person-twitter\">\n\t\t\t\t\t<a href=\"#\" target=\"_blank\">\n\t\t\t\t\t\t<i class=\"fab fa-twitter\"><\/i>\n\t\t\t\t\t<\/a>\n\t\t\t\t<\/li>\n\t\t\t\t\t\t\t\t<li class=\"elementor-icon premium-person-list-item premium-person-instagram\">\n\t\t\t\t\t<a href=\"#\" target=\"_blank\">\n\t\t\t\t\t\t<i class=\"fab fa-instagram\"><\/i>\n\t\t\t\t\t<\/a>\n\t\t\t\t<\/li>\n\t\t\t\t\t\t\t\t<li class=\"elementor-icon premium-person-list-item premium-person-dribbble\">\n\t\t\t\t\t<a href=\"#\" target=\"_blank\">\n\t\t\t\t\t\t<i class=\"fab fa-dribbble\"><\/i>\n\t\t\t\t\t<\/a>\n\t\t\t\t<\/li>\n\t\t\t\t<\/ul>\t\t\t<\/div>\n\t\t\t\t\t\t\t\t\t<\/div>\n\t\t\t\t\t<\/div>\n\t\t\t\t\t\t\t\t\t\t<div class=\"premium-person-container premium-person-sepia-effect\">\n\t\t\t\t\t\t<div class=\"premium-person-image-container\">\n\t\t\t\t\t\t\t<img decoding=\"async\" width=\"1709\" height=\"2560\" src=\"https:\/\/sob.ueh.edu.vn\/en\/wp-content\/uploads\/2024\/10\/83f7efbc4b07ed59b416.jpg\" class=\"attachment-full size-full wp-image-10216\" alt=\"\" srcset=\"https:\/\/sob.ueh.edu.vn\/en\/wp-content\/uploads\/2024\/10\/83f7efbc4b07ed59b416.jpg 1709w, https:\/\/sob.ueh.edu.vn\/en\/wp-content\/uploads\/2024\/10\/83f7efbc4b07ed59b416-200x300.jpg 200w, https:\/\/sob.ueh.edu.vn\/en\/wp-content\/uploads\/2024\/10\/83f7efbc4b07ed59b416-684x1024.jpg 684w, https:\/\/sob.ueh.edu.vn\/en\/wp-content\/uploads\/2024\/10\/83f7efbc4b07ed59b416-768x1150.jpg 768w, https:\/\/sob.ueh.edu.vn\/en\/wp-content\/uploads\/2024\/10\/83f7efbc4b07ed59b416-1025x1536.jpg 1025w, https:\/\/sob.ueh.edu.vn\/en\/wp-content\/uploads\/2024\/10\/83f7efbc4b07ed59b416-1367x2048.jpg 1367w\" sizes=\"(max-width: 1709px) 100vw, 1709px\" \/>\t\t\t\t\t\t\t\t\t\t\t\t\t<\/div>\n\t\t\t\t\t\t<div class=\"premium-person-info\">\n\t\t\t\t\t\t\t\t\t\t<div class=\"premium-person-info-container\">\n\t\t\t\t\t\t\t\t\t<h3 class=\"premium-person-name\">\n\t\t\t\t\t\tTS. Phan Chung Th\u1ee7y\t\t\t\t\t<\/h3>\n\t\t\t\t\t\t\t\t\t\t\t<h4 class=\"premium-person-title\">\n\t\t\t\t\t\t\t<span>Ph\u00f3 Tr\u01b0\u1edfng Khoa<\/span>\n\t\t\t\t\t\t<\/h4>\n\t\t\t\t\t<ul class=\"premium-person-social-list\">\t\t\t\t<li class=\"elementor-icon premium-person-list-item premium-person-facebook\">\n\t\t\t\t\t<a href=\"#\" target=\"_blank\">\n\t\t\t\t\t\t<i class=\"fab fa-facebook-f\"><\/i>\n\t\t\t\t\t<\/a>\n\t\t\t\t<\/li>\n\t\t\t\t\t\t\t\t<li class=\"elementor-icon premium-person-list-item premium-person-twitter\">\n\t\t\t\t\t<a href=\"#\" target=\"_blank\">\n\t\t\t\t\t\t<i class=\"fab fa-twitter\"><\/i>\n\t\t\t\t\t<\/a>\n\t\t\t\t<\/li>\n\t\t\t\t\t\t\t\t<li class=\"elementor-icon premium-person-list-item premium-person-instagram\">\n\t\t\t\t\t<a href=\"#\" target=\"_blank\">\n\t\t\t\t\t\t<i class=\"fab fa-instagram\"><\/i>\n\t\t\t\t\t<\/a>\n\t\t\t\t<\/li>\n\t\t\t\t\t\t\t\t<li class=\"elementor-icon premium-person-list-item premium-person-dribbble\">\n\t\t\t\t\t<a href=\"#\" target=\"_blank\">\n\t\t\t\t\t\t<i class=\"fab fa-dribbble\"><\/i>\n\t\t\t\t\t<\/a>\n\t\t\t\t<\/li>\n\t\t\t\t<\/ul>\t\t\t<\/div>\n\t\t\t\t\t\t\t\t\t<\/div>\n\t\t\t\t\t<\/div>\n\t\t\t\t\t\t\t<\/div>\n\t\t\t\t\t\t<\/div>\n\t\t\t\t<\/div>\n\t\t\t\t\t<\/div>\n\t\t<\/div>\n\t\t\t\t\t<\/div>\n\t\t<\/section>\n\t\t\t\t<div class=\"elementor-element elementor-element-59aa380 premium-header-inline elementor-widget elementor-widget-premium-addon-dual-header\" data-id=\"59aa380\" data-element_type=\"widget\" data-widget_type=\"premium-addon-dual-header.default\">\n\t\t\t\t<div class=\"elementor-widget-container\">\n\t\t\t\t\t\r\n\t\t\t\t\t<h2 class=\"premium-dual-header-first-header \"><span class=\"premium-dual-header-first-span\">C\u00e1c <\/span><span class=\"premium-dual-header-second-header \">B\u1ed9 m\u00f4n<\/span><\/h2> \t\t\r\n\t\t\t\t\t\t<\/div>\n\t\t\t\t<\/div>\n\t\t\t\t<section class=\"elementor-section elementor-inner-section elementor-element elementor-element-23d7cfc elementor-section-boxed elementor-section-height-default elementor-section-height-default\" data-id=\"23d7cfc\" data-element_type=\"section\" data-settings=\"{&quot;jet_parallax_layout_list&quot;:[]}\">\n\t\t\t\t\t\t<div class=\"elementor-container elementor-column-gap-default\">\n\t\t\t\t\t<div class=\"elementor-column elementor-col-100 elementor-inner-column elementor-element elementor-element-e1e1f78\" data-id=\"e1e1f78\" data-element_type=\"column\">\n\t\t\t<div class=\"elementor-widget-wrap elementor-element-populated\">\n\t\t\t\t\t\t<div class=\"elementor-element elementor-element-d7bc9be elementor-widget elementor-widget-text-editor\" data-id=\"d7bc9be\" data-element_type=\"widget\" data-widget_type=\"text-editor.default\">\n\t\t\t\t<div class=\"elementor-widget-container\">\n\t\t\t\t\t\t\t\t\t<p><b style=\"background-color: transparent; color: var( --e-global-color-text ); font-family: var( --e-global-typography-text-font-family ), Sans-serif;\">B\u1ed9 m\u00f4n Kinh doanh ti\u1ec1n t\u1ec7:<\/b><\/p>\n<ul>\n<li>TS.&nbsp;<strong>Nguy\u1ec5n Th\u1ecb H\u1ed3ng Nhung<\/strong>&nbsp; &nbsp;: Tr\u01b0\u1edfng B\u1ed9 m\u00f4n<\/li>\n<li>ThS.&nbsp;<strong>Cao Ng\u1ecdc Th\u1ee7y<\/strong>&nbsp; &nbsp; &nbsp; &nbsp; &nbsp; &nbsp; &nbsp; &nbsp; : Ph\u00f3 Tr\u01b0\u1edfng B\u1ed9 m\u00f4n<\/li>\n<li><b>B\u1ed9 m\u00f4n Ng\u00e2n h\u00e0ng Qu\u1ed1c t\u1ebf :<\/b><\/li>\n<\/ul>\n<ol>\n<li>ThS.&nbsp;<strong>Nguy\u1ec5n Trung Th\u00f4ng&nbsp; &nbsp; &nbsp;&nbsp;<\/strong>: Ph\u00f3 Tr\u01b0\u1edfng ph\u1ee5 tr\u00e1ch b\u1ed9 m\u00f4n<\/li>\n<li>ThS.&nbsp;<strong>Ph\u1ea1m Kh\u00e1nh Duy&nbsp; &nbsp; &nbsp; &nbsp; &nbsp; &nbsp;<\/strong>&nbsp;: Ph\u00f3 Tr\u01b0\u1edfng B\u1ed9 m\u00f4n<\/li>\n<\/ol>\n<ul>\n<li><b>B\u1ed9 m\u00f4n Qu\u1ea3n tr\u1ecb Ng\u00e2n h\u00e0ng<\/b><\/li>\n<\/ul>\n<ol>\n<li><span style=\"background-color: transparent; color: var( --e-global-color-text ); font-family: var( --e-global-typography-text-font-family ), Sans-serif; font-weight: var( --e-global-typography-text-font-weight );\">TS.&nbsp;<\/span><strong style=\"background-color: transparent; color: var( --e-global-color-text ); font-family: var( --e-global-typography-text-font-family ), Sans-serif;\">Nguy\u1ec5n T\u1eeb Nhu<\/strong><span style=\"background-color: transparent; color: var( --e-global-color-text ); font-family: var( --e-global-typography-text-font-family ), Sans-serif; font-weight: var( --e-global-typography-text-font-weight );\">&nbsp; &nbsp; &nbsp; &nbsp; &nbsp; &nbsp; &nbsp; &nbsp; : Ph\u00f3 Tr\u01b0\u1edfng ph\u1ee5 tr\u00e1ch b\u1ed9 m\u00f4n<\/span><\/li>\n<\/ol>\n<ul>\n<li><b>B\u1ed9 m\u00f4n Th\u1ecb Tr\u01b0\u1eddng T\u00e0i ch\u00ednh<\/b><\/li>\n<\/ul>\n<ol>\n<li>TS.&nbsp;<strong>Nguy\u1ec5n H\u1eefu Hu\u00e2n<\/strong>&nbsp; &nbsp; &nbsp; &nbsp; &nbsp; &nbsp;: Tr\u01b0\u1edfng B\u1ed9 m\u00f4n<\/li>\n<li>TS.&nbsp;<strong>Phan Thu Hi\u1ec1n<\/strong>&nbsp; &nbsp; &nbsp; &nbsp; &nbsp; &nbsp; &nbsp; &nbsp; &nbsp;: Ph\u00f3 Tr\u01b0\u1edfng B\u1ed9 m\u00f4n<\/li>\n<\/ol>\n<ul>\n<li><b>Th\u01b0 k\u00fd khoa<\/b>\n<ul>\n<li>C\u00f4 Nguy\u1ec5n Th\u1ecb Th\u1ea3o Vy<\/li>\n<\/ul>\n<\/li>\n<\/ul>\n<p><b>Chi \u1ee7y Khoa Ng\u00e2n h\u00e0ng<\/b><\/p>\n<ol>\n<li>TS.&nbsp;<strong>Ho\u00e0ng H\u1ea3i Y\u1ebfn&nbsp;<\/strong>&nbsp; &nbsp; &nbsp; &nbsp; &nbsp; &nbsp; &nbsp; &nbsp;: B\u00ed th\u01b0 chi b\u1ed9<\/li>\n<li>ThS.&nbsp;<strong>Cao Ng\u1ecdc Th\u1ee7y<\/strong>&nbsp; &nbsp; &nbsp; &nbsp; &nbsp; &nbsp; &nbsp; : Ph\u00f3 B\u00ed th\u01b0 chi b\u1ed9<\/li>\n<li>TS.&nbsp;<strong>Ph\u1ea1m Th\u1ecb Anh Th\u01b0<\/strong>&nbsp; &nbsp; &nbsp; &nbsp; &nbsp; : \u1ee6y vi\u00ean<\/li>\n<\/ol>\n<div>&nbsp;<\/div>\n<p><b>C\u00f4ng \u0111o\u00e0n Khoa ng\u00e2n h\u00e0ng<\/b><\/p>\n<ol>\n<li>TS.&nbsp;<strong>D\u01b0\u01a1ng T\u1ea5n Khoa<\/strong>&nbsp; &nbsp; &nbsp; &nbsp; &nbsp; &nbsp; &nbsp;:&nbsp;Ch\u1ee7 t\u1ecbch<\/li>\n<li>TS.&nbsp;<strong>Phan Thu Hi\u1ec1n&nbsp; &nbsp; &nbsp; &nbsp; &nbsp;&nbsp;<\/strong>&nbsp; &nbsp; &nbsp; &nbsp;: T\u1ed5 tr\u01b0\u1edfng n\u1eef c\u00f4ng<\/li>\n<li>TS.&nbsp;<strong>Nguy\u1ec5n Qu\u1ed1c Anh<\/strong>&nbsp; &nbsp; &nbsp; &nbsp; &nbsp; &nbsp;: \u1ee6y vi\u00ean<\/li>\n<\/ol>\n<div>&nbsp;<\/div>\n<p><b>\u0110o\u00e0n Thanh ni\u00ean \u2013 H\u1ed9i sinh vi\u00ean \u2013 C\u00e2u l\u1ea1c b\u1ed9 \u0111\u1ed9i nh\u00f3m<\/b><\/p>\n<ol>\n<li><strong>TS. Ng\u00f4 Minh V\u0169<\/strong> \u2013 B\u00ed Th\u01b0 \u0111o\u00e0n khoa<\/li>\n<li>SV.&nbsp;<strong>Nguy\u1ec5n Qu\u1ed1c B\u1ea3o<\/strong>&nbsp; \u2013 Li\u00ean chi h\u1ed9i tr\u01b0\u1edfng LCHSV Khoa ng\u00e2n h\u00e0ng<\/li>\n<li>SV. \u2026 \u2013 Ch\u1ee7 nhi\u1ec7m C\u00e2u l\u1ea1c b\u1ed9 Ch\u1ee9ng kho\u00e1n SCUE<\/li>\n<\/ol>\t\t\t\t\t\t\t\t<\/div>\n\t\t\t\t<\/div>\n\t\t\t\t\t<\/div>\n\t\t<\/div>\n\t\t\t\t\t<\/div>\n\t\t<\/section>\n\t\t\t\t\t<\/div>\n\t\t<\/div>\n\t\t\t\t<div class=\"elementor-column elementor-col-50 elementor-top-column elementor-element elementor-element-ea2765c\" data-id=\"ea2765c\" data-element_type=\"column\">\n\t\t\t<div class=\"elementor-widget-wrap elementor-element-populated\">\n\t\t\t\t\t\t<div class=\"elementor-element elementor-element-18a2f1a elementor-search-form--skin-classic elementor-search-form--button-type-icon elementor-search-form--icon-search elementor-widget elementor-widget-search-form\" data-id=\"18a2f1a\" data-element_type=\"widget\" data-settings=\"{&quot;skin&quot;:&quot;classic&quot;}\" data-widget_type=\"search-form.default\">\n\t\t\t\t<div class=\"elementor-widget-container\">\n\t\t\t\t\t\t\t<form class=\"elementor-search-form\" action=\"https:\/\/sob.ueh.edu.vn\/en\" method=\"get\" role=\"search\">\n\t\t\t\t\t\t\t\t\t<div class=\"elementor-search-form__container\">\n\t\t\t\t<label class=\"elementor-screen-only\" for=\"elementor-search-form-18a2f1a\">Search<\/label>\n\n\t\t\t\t\n\t\t\t\t<input id=\"elementor-search-form-18a2f1a\" placeholder=\"Search...\" class=\"elementor-search-form__input\" type=\"search\" name=\"s\" value=\"\">\n\t\t\t\t\n\t\t\t\t\t\t\t\t\t<button class=\"elementor-search-form__submit\" type=\"submit\" aria-label=\"Search\">\n\t\t\t\t\t\t\t\t\t\t\t\t\t<i aria-hidden=\"true\" class=\"fas fa-search\"><\/i>\t\t\t\t\t\t\t<span class=\"elementor-screen-only\">Search<\/span>\n\t\t\t\t\t\t\t\t\t\t\t<\/button>\n\t\t\t\t\n\t\t\t\t\t\t\t<\/div>\n\t\t<\/form>\n\t\t\t\t\t\t<\/div>\n\t\t\t\t<\/div>\n\t\t\t\t<div class=\"elementor-element elementor-element-f2e89d7 elementor-widget elementor-widget-wp-widget-bellows_navigation_widget\" data-id=\"f2e89d7\" data-element_type=\"widget\" data-widget_type=\"wp-widget-bellows_navigation_widget.default\">\n\t\t\t\t<div class=\"elementor-widget-container\">\n\t\t\t\t\t<nav id=\"bellows-main-46\" class=\"bellows bellows-nojs bellows-main bellows-source-menu bellows-align-full bellows-skin-vanilla bellows-type- bellows-expand-current\"><ul id=\"menu-gioi-thieu\" class=\"bellows-nav\" data-bellows-config=\"main\"><li id=\"menu-item-1163\" class=\"bellows-menu-item bellows-menu-item-type-post_type bellows-menu-item-object-page bellows-menu-item-has-children bellows-menu-item-1163 bellows-item-level-0\"><a  href=\"https:\/\/sob.ueh.edu.vn\/en\/gioi-thieu\/\" class=\"bellows-target\"><span class=\"bellows-target-title bellows-target-text\">Gi\u1edbi thi\u1ec7u<\/span><button class=\"bellows-subtoggle\" aria-label=\"Toggle Submenu\"><i class=\"bellows-subtoggle-icon-expand fa fa-chevron-down\"><\/i><i class=\"bellows-subtoggle-icon-collapse fa fa-chevron-up\"><\/i><\/button><\/a>\n<ul class=\"bellows-submenu\">\n\t<li id=\"menu-item-9807\" class=\"bellows-menu-item bellows-menu-item-type-post_type bellows-menu-item-object-page bellows-menu-item-9807 bellows-item-level-1\"><a  href=\"https:\/\/sob.ueh.edu.vn\/en\/gioi-thieu\/lich-su-hinh-thanh\/\" class=\"bellows-target\"><span class=\"bellows-target-title bellows-target-text\">L\u1ecbch s\u1eed h\u00ecnh th\u00e0nh<\/span><\/a><\/li>\n\t<li id=\"menu-item-9806\" class=\"bellows-menu-item bellows-menu-item-type-post_type bellows-menu-item-object-page bellows-menu-item-9806 bellows-item-level-1\"><a  href=\"https:\/\/sob.ueh.edu.vn\/en\/gioi-thieu\/tam-nhin-su-menh\/\" class=\"bellows-target\"><span class=\"bellows-target-title bellows-target-text\">T\u1ea7m nh\u00ecn \u2013 S\u1ee9 m\u1ec7nh<\/span><\/a><\/li>\n\t<li id=\"menu-item-9805\" class=\"bellows-menu-item bellows-menu-item-type-post_type bellows-menu-item-object-page bellows-menu-item-9805 bellows-item-level-1\"><a  href=\"https:\/\/sob.ueh.edu.vn\/en\/gioi-thieu\/gia-tri-muc-tieu\/\" class=\"bellows-target\"><span class=\"bellows-target-title bellows-target-text\">Gi\u00e1 tr\u1ecb \u2013 M\u1ee5c ti\u00eau<\/span><\/a><\/li>\n\t<li id=\"menu-item-1164\" class=\"bellows-menu-item bellows-menu-item-type-post_type bellows-menu-item-object-page bellows-menu-item-1164 bellows-item-level-1\"><a  href=\"https:\/\/sob.ueh.edu.vn\/en\/gioi-thieu\/co-cau-to-chuc\/\" class=\"bellows-target\"><span class=\"bellows-target-title bellows-target-text\">C\u01a1 c\u1ea5u t\u1ed5 ch\u1ee9c<\/span><\/a><\/li>\n\t<li id=\"menu-item-1165\" class=\"bellows-menu-item bellows-menu-item-type-post_type bellows-menu-item-object-page bellows-menu-item-1165 bellows-item-level-1\"><a  href=\"https:\/\/sob.ueh.edu.vn\/en\/gioi-thieu\/doi-ngu-giang-vien\/\" class=\"bellows-target\"><span class=\"bellows-target-title bellows-target-text\">\u0110\u1ed9i ng\u0169 Gi\u1ea3ng vi\u00ean<\/span><\/a><\/li>\n<\/ul>\n<\/li>\n<\/ul><\/nav>\t\t\t\t<\/div>\n\t\t\t\t<\/div>\n\t\t\t\t\t<\/div>\n\t\t<\/div>\n\t\t\t\t\t<\/div>\n\t\t<\/section>\n\t\t\t\t<section class=\"elementor-section elementor-top-section elementor-element elementor-element-1aaf380 elementor-section-boxed elementor-section-height-default elementor-section-height-default\" data-id=\"1aaf380\" data-element_type=\"section\" data-settings=\"{&quot;jet_parallax_layout_list&quot;:[]}\">\n\t\t\t\t\t\t<div class=\"elementor-container elementor-column-gap-default\">\n\t\t\t\t\t<div class=\"elementor-column elementor-col-100 elementor-top-column elementor-element elementor-element-db3bf47\" data-id=\"db3bf47\" data-element_type=\"column\">\n\t\t\t<div class=\"elementor-widget-wrap elementor-element-populated\">\n\t\t\t\t\t\t<div class=\"elementor-element elementor-element-71cc279 elementor-widget elementor-widget-image\" data-id=\"71cc279\" data-element_type=\"widget\" data-widget_type=\"image.default\">\n\t\t\t\t<div class=\"elementor-widget-container\">\n\t\t\t\t\t\t\t\t\t\t\t\t<figure class=\"wp-caption\">\n\t\t\t\t\t\t\t\t\t\t<img decoding=\"async\" width=\"768\" height=\"513\" src=\"https:\/\/sob.ueh.edu.vn\/en\/wp-content\/uploads\/2023\/12\/ZAN_6831-768x513.jpg\" class=\"attachment-medium_large size-medium_large wp-image-10118\" alt=\"\" srcset=\"https:\/\/sob.ueh.edu.vn\/en\/wp-content\/uploads\/2023\/12\/ZAN_6831-768x513.jpg 768w, https:\/\/sob.ueh.edu.vn\/en\/wp-content\/uploads\/2023\/12\/ZAN_6831-300x200.jpg 300w, https:\/\/sob.ueh.edu.vn\/en\/wp-content\/uploads\/2023\/12\/ZAN_6831-1024x684.jpg 1024w, https:\/\/sob.ueh.edu.vn\/en\/wp-content\/uploads\/2023\/12\/ZAN_6831-1536x1026.jpg 1536w, https:\/\/sob.ueh.edu.vn\/en\/wp-content\/uploads\/2023\/12\/ZAN_6831-2048x1368.jpg 2048w\" sizes=\"(max-width: 768px) 100vw, 768px\" \/>\t\t\t\t\t\t\t\t\t\t\t<figcaption class=\"widget-image-caption wp-caption-text\"><\/figcaption>\n\t\t\t\t\t\t\t\t\t\t<\/figure>\n\t\t\t\t\t\t\t\t\t<\/div>\n\t\t\t\t<\/div>\n\t\t\t\t\t<\/div>\n\t\t<\/div>\n\t\t\t\t\t<\/div>\n\t\t<\/section>\n\t\t\t\t<\/div>\n\t\t","protected":false},"excerpt":{"rendered":"<p>Ban L\u00e3nh \u0111\u1ea1o khoa TS. Ho\u00e0ng H\u1ea3i Y\u1ebfn Tr\u01b0\u1edfng khoa ThS. D\u01b0\u01a1ng T\u1ea5n Khoa Ph\u00f3 Tr\u01b0\u1edfng Khoa TS. Phan Chung Th\u1ee7y Ph\u00f3 Tr\u01b0\u1edfng Khoa C\u00e1c B\u1ed9 m\u00f4n B\u1ed9 m\u00f4n Kinh doanh ti\u1ec1n t\u1ec7: TS.&nbsp;Nguy\u1ec5n Th\u1ecb H\u1ed3ng Nhung&nbsp; &nbsp;: Tr\u01b0\u1edfng B\u1ed9 m\u00f4n ThS.&nbsp;Cao Ng\u1ecdc Th\u1ee7y&nbsp; &nbsp; &nbsp; &nbsp; &nbsp; &nbsp; &nbsp; &nbsp; : Ph\u00f3 Tr\u01b0\u1edfng B\u1ed9 [&hellip;]<\/p>\n","protected":false},"author":1,"featured_media":9634,"parent":632,"menu_order":0,"comment_status":"closed","ping_status":"closed","template":"","meta":{"footnotes":""},"class_list":["post-1126","page","type-page","status-publish","has-post-thumbnail","hentry"],"_links":{"self":[{"href":"https:\/\/sob.ueh.edu.vn\/en\/wp-json\/wp\/v2\/pages\/1126","targetHints":{"allow":["GET"]}}],"collection":[{"href":"https:\/\/sob.ueh.edu.vn\/en\/wp-json\/wp\/v2\/pages"}],"about":[{"href":"https:\/\/sob.ueh.edu.vn\/en\/wp-json\/wp\/v2\/types\/page"}],"author":[{"embeddable":true,"href":"https:\/\/sob.ueh.edu.vn\/en\/wp-json\/wp\/v2\/users\/1"}],"replies":[{"embeddable":true,"href":"https:\/\/sob.ueh.edu.vn\/en\/wp-json\/wp\/v2\/comments?post=1126"}],"version-history":[{"count":57,"href":"https:\/\/sob.ueh.edu.vn\/en\/wp-json\/wp\/v2\/pages\/1126\/revisions"}],"predecessor-version":[{"id":10219,"href":"https:\/\/sob.ueh.edu.vn\/en\/wp-json\/wp\/v2\/pages\/1126\/revisions\/10219"}],"up":[{"embeddable":true,"href":"https:\/\/sob.ueh.edu.vn\/en\/wp-json\/wp\/v2\/pages\/632"}],"wp:featuredmedia":[{"embeddable":true,"href":"https:\/\/sob.ueh.edu.vn\/en\/wp-json\/wp\/v2\/media\/9634"}],"wp:attachment":[{"href":"https:\/\/sob.ueh.edu.vn\/en\/wp-json\/wp\/v2\/media?parent=1126"}],"curies":[{"name":"wp","href":"https:\/\/api.w.org\/{rel}","templated":true}]}}