{"id":1130,"date":"2023-06-20T14:31:06","date_gmt":"2023-06-20T07:31:06","guid":{"rendered":"https:\/\/sob.ueh.edu.vn\/en\/?page_id=1130"},"modified":"2023-12-02T15:58:34","modified_gmt":"2023-12-02T08:58:34","slug":"doi-ngu-giang-vien","status":"publish","type":"page","link":"https:\/\/sob.ueh.edu.vn\/en\/gioi-thieu\/doi-ngu-giang-vien\/","title":{"rendered":"\u0110\u1ed9i ng\u0169 Gi\u1ea3ng vi\u00ean"},"content":{"rendered":"\t\t<div data-elementor-type=\"wp-page\" data-elementor-id=\"1130\" class=\"elementor elementor-1130\" data-elementor-post-type=\"page\">\n\t\t\t\t\t\t<section class=\"elementor-section elementor-top-section elementor-element elementor-element-1dea791 elementor-section-boxed elementor-section-height-default elementor-section-height-default\" data-id=\"1dea791\" data-element_type=\"section\" data-settings=\"{&quot;jet_parallax_layout_list&quot;:[]}\">\n\t\t\t\t\t\t<div class=\"elementor-container elementor-column-gap-default\">\n\t\t\t\t\t<div class=\"elementor-column elementor-col-50 elementor-top-column elementor-element elementor-element-2d1a683\" data-id=\"2d1a683\" data-element_type=\"column\">\n\t\t\t<div class=\"elementor-widget-wrap elementor-element-populated\">\n\t\t\t\t\t\t<div class=\"elementor-element elementor-element-452202e premium-header-inline elementor-widget elementor-widget-premium-addon-dual-header\" data-id=\"452202e\" data-element_type=\"widget\" data-widget_type=\"premium-addon-dual-header.default\">\n\t\t\t\t<div class=\"elementor-widget-container\">\n\t\t\t\t\t\r\n\t\t\t\t\t<h2 class=\"premium-dual-header-first-header \"><span class=\"premium-dual-header-first-span\">\u0110\u1ed9i ng\u0169 <\/span><span class=\"premium-dual-header-second-header \">Gi\u1ea3ng vi\u00ean<\/span><\/h2> \t\t\r\n\t\t\t\t\t\t<\/div>\n\t\t\t\t<\/div>\n\t\t\t\t<div class=\"elementor-element elementor-element-9c40e0c elementor-widget elementor-widget-accordion\" data-id=\"9c40e0c\" data-element_type=\"widget\" data-widget_type=\"accordion.default\">\n\t\t\t\t<div class=\"elementor-widget-container\">\n\t\t\t\t\t\t\t<div class=\"elementor-accordion\">\n\t\t\t\t\t\t\t<div class=\"elementor-accordion-item\">\n\t\t\t\t\t<div id=\"elementor-tab-title-1631\" class=\"elementor-tab-title\" data-tab=\"1\" role=\"button\" aria-controls=\"elementor-tab-content-1631\" aria-expanded=\"false\">\n\t\t\t\t\t\t\t\t\t\t\t\t\t<span class=\"elementor-accordion-icon elementor-accordion-icon-left\" aria-hidden=\"true\">\n\t\t\t\t\t\t\t\t\t\t\t\t\t\t\t<span class=\"elementor-accordion-icon-closed\"><i class=\"fas fa-plus\"><\/i><\/span>\n\t\t\t\t\t\t\t\t<span class=\"elementor-accordion-icon-opened\"><i class=\"fas fa-minus\"><\/i><\/span>\n\t\t\t\t\t\t\t\t\t\t\t\t\t\t<\/span>\n\t\t\t\t\t\t\t\t\t\t\t\t<a class=\"elementor-accordion-title\" tabindex=\"0\">B\u1ed9 ph\u1eadn Th\u01b0 k\u00fd khoa<\/a>\n\t\t\t\t\t<\/div>\n\t\t\t\t\t<div id=\"elementor-tab-content-1631\" class=\"elementor-tab-content elementor-clearfix\" data-tab=\"1\" role=\"region\" aria-labelledby=\"elementor-tab-title-1631\"><a href=\"https:\/\/sob.ueh.edu.vn\/en\/wp-content\/uploads\/2017\/01\/2018-K.-NH-Mau-3.pdf\">B\u1ea3ng ph\u00e2n c\u00f4ng nhi\u1ec7m v\u1ee5<\/a><\/div>\n\t\t\t\t<\/div>\n\t\t\t\t\t\t\t<div class=\"elementor-accordion-item\">\n\t\t\t\t\t<div id=\"elementor-tab-title-1632\" class=\"elementor-tab-title\" data-tab=\"2\" role=\"button\" aria-controls=\"elementor-tab-content-1632\" aria-expanded=\"false\">\n\t\t\t\t\t\t\t\t\t\t\t\t\t<span class=\"elementor-accordion-icon elementor-accordion-icon-left\" aria-hidden=\"true\">\n\t\t\t\t\t\t\t\t\t\t\t\t\t\t\t<span class=\"elementor-accordion-icon-closed\"><i class=\"fas fa-plus\"><\/i><\/span>\n\t\t\t\t\t\t\t\t<span class=\"elementor-accordion-icon-opened\"><i class=\"fas fa-minus\"><\/i><\/span>\n\t\t\t\t\t\t\t\t\t\t\t\t\t\t<\/span>\n\t\t\t\t\t\t\t\t\t\t\t\t<a class=\"elementor-accordion-title\" tabindex=\"0\">B\u1ed9 m\u00f4n Ng\u00e2n h\u00e0ng Qu\u1ed1c t\u1ebf<\/a>\n\t\t\t\t\t<\/div>\n\t\t\t\t\t<div id=\"elementor-tab-content-1632\" class=\"elementor-tab-content elementor-clearfix\" data-tab=\"2\" role=\"region\" aria-labelledby=\"elementor-tab-title-1632\"><p><img fetchpriority=\"high\" decoding=\"async\" class=\"size-full wp-image-212\" src=\"https:\/\/sob.ueh.edu.vn\/en\/wp-content\/uploads\/2012\/05\/NHQT.jpg\" alt=\"NHQT\" width=\"686\" height=\"387\" \/><\/p><p><strong>B\u1ed8 M\u00d4N NG\u00c2N H\u00c0NG QU\u1ed0C T\u1ebe<\/strong><\/p><p><strong> I. Gi\u1edbi thi\u1ec7u: <\/strong><\/p><p>B\u1ed9 m\u00f4n Ng\u00e2n h\u00e0ng Qu\u1ed1c t\u1ebf tr\u1ef1c thu\u1ed9c khoa Ng\u00e2n h\u00e0ng c\u1ee7a tr\u01b0\u1eddng \u0110\u1ea1i h\u1ecdc Kinh t\u1ebf TP. H\u1ed3 Ch\u00ed Minh. B\u1ed9 m\u00f4n \u0111\u01b0\u1ee3c th\u00e0nh l\u1eadp n\u0103m 2010 tr\u00ean c\u01a1 s\u1edf t\u00e1ch ra t\u1eeb b\u1ed9 m\u00f4n Kinh doanh ti\u1ec1n t\u1ec7.<\/p><p>H\u00e2\u0300u h\u00ea\u0301t c\u00e1c gi\u1ea3ng vi\u00ean cu\u0309a B\u1ed9 m\u00f4n l\u00e0 nh\u1eefng gi\u1ea3ng vi\u00ean \u0111\u00e3 t\u1ed1t nghi\u1ec7p Ti\u1ebfn s\u0129 v\u00e0 Th\u1ea1c s\u0129 t\u1ea1i c\u00e1c tr\u01b0\u1eddng \u0111\u1ea1i h\u1ecdc chuy\u00ean ng\u00e0nh kinh t\u1ebf trong v\u00e0 ngo\u00e0i n\u01b0\u1edbc v\u00e0 \u0111\u00e3 c\u00f3 nhi\u1ec1u n\u0103m kinh nghi\u1ec7m trong c\u00f4ng t\u00e1c gi\u1ea3ng d\u1ea1y v\u00e0 nghi\u00ean c\u1ee9u.<\/p><p>B\u1ed9 m\u00f4n ph\u1ee5 tr\u00e1ch c\u00e1c m\u00f4n:<\/p><ul><li>Ng\u00e2n h\u00e0ng qu\u1ed1c t\u1ebf<\/li><li>Thanh to\u00e1n qu\u1ed1c t\u1ebf<\/li><li>Kinh doanh ngo\u1ea1i h\u1ed1i<\/li><li>FinTech trong ng\u00e2n h\u00e0ng<\/li><\/ul><p><strong>II. Gi\u1ea3ng vi\u00ean c\u1ee7a BM:<\/strong><\/p><p>1. ThS. Nguy\u1ec5n Trung Th\u00f4ng &#8211; Ph\u00f3 Tr\u01b0\u1edfng ph\u1ee5 tr\u00e1ch BM\u00a0<\/p><p>2. PGS. TS. Tr\u01b0\u01a1ng Quang Th\u00f4ng &#8211; Tr\u01b0\u1edfng BM NHQT<br \/>3. TS. Ph\u1ea1m Kh\u00e1nh Duy<br \/>5. TS. V\u0169 Th\u1ecb L\u1ec7 Giang<br \/>6. TS. Nguy\u1ec5n Ph\u1ea1m Thi\u00ean Thanh<br \/>7. TS. Phan Chung Th\u1ee7y<\/p><p><img decoding=\"async\" class=\"size-full wp-image-213\" src=\"https:\/\/sob.ueh.edu.vn\/en\/wp-content\/uploads\/2012\/05\/NHQT2.JPG\" alt=\"NHQT2\" width=\"676\" height=\"450\" \/><\/p><\/div>\n\t\t\t\t<\/div>\n\t\t\t\t\t\t\t<div class=\"elementor-accordion-item\">\n\t\t\t\t\t<div id=\"elementor-tab-title-1633\" class=\"elementor-tab-title\" data-tab=\"3\" role=\"button\" aria-controls=\"elementor-tab-content-1633\" aria-expanded=\"false\">\n\t\t\t\t\t\t\t\t\t\t\t\t\t<span class=\"elementor-accordion-icon elementor-accordion-icon-left\" aria-hidden=\"true\">\n\t\t\t\t\t\t\t\t\t\t\t\t\t\t\t<span class=\"elementor-accordion-icon-closed\"><i class=\"fas fa-plus\"><\/i><\/span>\n\t\t\t\t\t\t\t\t<span class=\"elementor-accordion-icon-opened\"><i class=\"fas fa-minus\"><\/i><\/span>\n\t\t\t\t\t\t\t\t\t\t\t\t\t\t<\/span>\n\t\t\t\t\t\t\t\t\t\t\t\t<a class=\"elementor-accordion-title\" tabindex=\"0\">B\u1ed9 m\u00f4n Qu\u1ea3n tr\u1ecb Ng\u00e2n h\u00e0ng<\/a>\n\t\t\t\t\t<\/div>\n\t\t\t\t\t<div id=\"elementor-tab-content-1633\" class=\"elementor-tab-content elementor-clearfix\" data-tab=\"3\" role=\"region\" aria-labelledby=\"elementor-tab-title-1633\"><p><img decoding=\"async\" class=\" size-full wp-image-215\" src=\"https:\/\/sob.ueh.edu.vn\/en\/wp-content\/uploads\/2012\/05\/QTNH.png\" alt=\"QTNH\" width=\"672\" height=\"400\" \/><\/p><p><strong>I. Gi\u1edbi thi\u1ec7u<\/strong><br \/>B\u1ed9 m\u00f4n Qu\u1ea3n tr\u1ecb ng\u00e2n h\u00e0ng tr\u1ef1c thu\u1ed9c khoa Ng\u00e2n h\u00e0ng c\u1ee7a tr\u01b0\u1eddng \u0110\u1ea1i h\u1ecdc Kinh t\u1ebf TP. H\u1ed3 Ch\u00ed Minh.<br \/>H\u00e2\u0300u h\u00ea\u0301t c\u00e1c gi\u1ea3ng vi\u00ean cu\u0309a B\u1ed9 m\u00f4n l\u00e0 nh\u1eefng gi\u1ea3ng vi\u00ean \u0111\u00e3 t\u1ed1t nghi\u1ec7p Ti\u1ebfn s\u0129 v\u00e0 Th\u1ea1c s\u0129 t\u1ea1i c\u00e1c tr\u01b0\u1eddng \u0111\u1ea1i h\u1ecdc chuy\u00ean ng\u00e0nh kinh t\u1ebf trong v\u00e0 ngo\u00e0i n\u01b0\u1edbc v\u00e0 \u0111\u00e3 c\u00f3 nhi\u1ec1u n\u0103m kinh nghi\u1ec7m trong c\u00f4ng t\u00e1c gi\u1ea3ng d\u1ea1y v\u00e0 nghi\u00ean c\u1ee9u. B\u00f4\u0323 m\u00f4n cu\u0309a chu\u0301ng t\u00f4i bao g\u00f4\u0300m ca\u0301c tha\u0300nh vi\u00ean nh\u01b0 sau:<br \/>1.TS. Nguy\u1ec5n T\u1eeb Nhu &#8211; Ph\u00f3 tr\u01b0\u1edfng ph\u1ee5 tr\u00e1ch BM<\/p><p>2. PGS.TS. Tr\u01b0\u01a1ng Th\u1ecb H\u1ed3ng\u00a0<br \/>3. PGS. TS Nguy\u1ec5n Qu\u1ed1c Anh<br \/>4. TS Ph\u1ea1m Ph\u00fa Qu\u1ed1c<br \/>5. TS Nguy\u1ec5n Th\u1ecb Th\u00f9y Linh<br \/>6. TS L\u00ea H\u1ed3 An Ch\u00e2u<br \/>7. TS. Nguy\u1ec5n Ng\u1ecdc H\u00e2n<\/p><p><strong>II. Hi\u1ec7n nay B\u1ed9 m\u00f4n Qu\u1ea3n tr\u1ecb ng\u00e2n h\u00e0ng tr\u1ef1c ti\u1ebfp tham gia nghi\u00ean c\u1ee9u, gi\u1ea3ng d\u1ea1y c\u00e1c h\u1ecdc ph\u1ea7n:<\/strong><br \/>*B\u1eadc \u0111\u1ea1i h\u1ecdc :<br \/>&#8211; Qu\u1ea3n tr\u1ecb ng\u00e2n h\u00e0ng<br \/>&#8211; Lu\u1eadt ng\u00e2n h\u00e0ng<br \/>&#8211; K\u1ebf to\u00e1n ng\u00e2n h\u00e0ng<br \/>&#8211; Ch\u00ednh s\u00e1ch ti\u1ec1n t\u1ec7<br \/>&#8211; Marketing ng\u00e2n h\u00e0ng<br \/>&#8211; Marketing d\u1ecbch v\u1ee5 t\u00e0i ch\u00ednh<\/p><p>*B\u1eadc sau \u0111\u1ea1i h\u1ecdc :<br \/>&#8211; Nguy\u00ean l\u00fd ti\u1ec1n t\u1ec7 ng\u00e2n h\u00e0ng<br \/>&#8211; Qu\u1ea3n tr\u1ecb \u0111\u1ecbnh ch\u1ebf t\u00e0i ch\u00ednh<br \/>&#8211; Ch\u00ednh s\u00e1ch ti\u1ec1n t\u1ec7<br \/>&#8211; Qu\u1ea3n tr\u1ecb r\u1ee7i ro v\u00e0 Hi\u1ec7p \u01b0\u1edbc Basel<\/p><p><img loading=\"lazy\" decoding=\"async\" class=\" size-full wp-image-216\" src=\"https:\/\/sob.ueh.edu.vn\/en\/wp-content\/uploads\/2012\/05\/QTNH2.JPG\" alt=\"QTNH2\" width=\"662\" height=\"441\" \/><\/p><\/div>\n\t\t\t\t<\/div>\n\t\t\t\t\t\t\t<div class=\"elementor-accordion-item\">\n\t\t\t\t\t<div id=\"elementor-tab-title-1634\" class=\"elementor-tab-title\" data-tab=\"4\" role=\"button\" aria-controls=\"elementor-tab-content-1634\" aria-expanded=\"false\">\n\t\t\t\t\t\t\t\t\t\t\t\t\t<span class=\"elementor-accordion-icon elementor-accordion-icon-left\" aria-hidden=\"true\">\n\t\t\t\t\t\t\t\t\t\t\t\t\t\t\t<span class=\"elementor-accordion-icon-closed\"><i class=\"fas fa-plus\"><\/i><\/span>\n\t\t\t\t\t\t\t\t<span class=\"elementor-accordion-icon-opened\"><i class=\"fas fa-minus\"><\/i><\/span>\n\t\t\t\t\t\t\t\t\t\t\t\t\t\t<\/span>\n\t\t\t\t\t\t\t\t\t\t\t\t<a class=\"elementor-accordion-title\" tabindex=\"0\">B\u1ed9 m\u00f4n Kinh doanh Ti\u1ec1n t\u1ec7<\/a>\n\t\t\t\t\t<\/div>\n\t\t\t\t\t<div id=\"elementor-tab-content-1634\" class=\"elementor-tab-content elementor-clearfix\" data-tab=\"4\" role=\"region\" aria-labelledby=\"elementor-tab-title-1634\"><p><img loading=\"lazy\" decoding=\"async\" class=\" size-full wp-image-209\" src=\"https:\/\/sob.ueh.edu.vn\/en\/wp-content\/uploads\/2012\/05\/KDTT.png\" alt=\"KDTT\" width=\"702\" height=\"299\" \/><\/p><p>B\u1ed8 M\u00d4N KINH DOANH TI\u1ec0N T\u1ec6<\/p><p>I. Gi\u1edbi thi\u1ec7u<\/p><p>B\u1ed9 m\u00f4n Kinh doanh Ti\u1ec1n t\u1ec7 tr\u1ef1c thu\u1ed9c khoa Ng\u00e2n h\u00e0ng c\u1ee7a tr\u01b0\u1eddng \u0110\u1ea1i h\u1ecdc Kinh t\u1ebf TP. H\u1ed3 Ch\u00ed Minh.<\/p><p>H\u00e2\u0300u h\u00ea\u0301t c\u00e1c gi\u1ea3ng vi\u00ean cu\u0309a B\u1ed9 m\u00f4n l\u00e0 nh\u1eefng gi\u1ea3ng vi\u00ean \u0111\u00e3 t\u1ed1t nghi\u1ec7p Ti\u1ebfn s\u0129 v\u00e0 Th\u1ea1c s\u0129 t\u1ea1i c\u00e1c tr\u01b0\u1eddng \u0111\u1ea1i h\u1ecdc chuy\u00ean ng\u00e0nh kinh t\u1ebf trong v\u00e0 ngo\u00e0i n\u01b0\u1edbc v\u00e0 \u0111\u00e3 c\u00f3 nhi\u1ec1u n\u0103m kinh nghi\u1ec7m trong c\u00f4ng t\u00e1c gi\u1ea3ng d\u1ea1y v\u00e0 nghi\u00ean c\u1ee9u. B\u00f4\u0323 m\u00f4n cu\u0309a chu\u0301ng t\u00f4i bao g\u00f4\u0300m ca\u0301c tha\u0300nh vi\u00ean nh\u01b0 sau:<\/p><p>1. ThS. D\u01b0\u01a1ng T\u1ea5n Khoa \u2013 Ph\u00f3 tr\u01b0\u1edfng b\u1ed9 m\u00f4n ph\u1ee5 tr\u00e1ch b\u1ed9 m\u00f4n KDTT<\/p><p>2. ThS. Cao Ng\u1ecdc Th\u1ee7y &#8211; Ph\u00f3 tr\u01b0\u1edfng b\u1ed9 m\u00f4n<\/p><p>3. TS. L\u1ea1i Ti\u1ebfn D\u0129nh<\/p><p>4. ThS. Nguy\u1ec5n Th\u1ecb Th\u00f9y D\u01b0\u01a1ng<\/p><p>5. PGS.TS. Tr\u1ea7m Th\u1ecb Xu\u00e2n H\u01b0\u01a1ng<\/p><p>6. TS. Ph\u1ea1m T\u1ed1 Nga<\/p><p>7. TS. Nguy\u1ec5n Th\u1ecb H\u1ed3ng Nhung<\/p><p>8. TS. Nguy\u1ec5n Thanh Phong<\/p><p>9. TS. L\u00ea T\u1ea5n Ph\u01b0\u1edbc<\/p><p>10. TS. Ho\u00e0ng H\u1ea3i Y\u1ebfn<\/p><p style=\"text-align: justify;\"><span style=\"font-size: 14pt; color: blue;\"><img loading=\"lazy\" decoding=\"async\" class=\" size-full wp-image-210\" src=\"https:\/\/sob.ueh.edu.vn\/en\/wp-content\/uploads\/2012\/05\/KDTT2.JPG\" alt=\"KDTT2\" width=\"700\" height=\"466\" \/><\/span><\/p><p>II. C\u00e1c m\u00f4n h\u1ecdc do B\u1ed9 m\u00f4n Kinh doanh Ti\u1ec1n t\u1ec7 \u0111\u1ea3m tr\u00e1ch:<\/p><p>1. Ng\u00e2n h\u00e0ng th\u01b0\u01a1ng m\u1ea1i<\/p><p>2. Ph\u00e2n t\u00edch t\u00edn d\u1ee5ng v\u00e0 qu\u1ea3n tr\u1ecb cho vay<\/p><p>3. T\u01b0 v\u1ea5n t\u00e0i ch\u00ednh c\u00e1 nh\u00e2n<\/p><p>4. Qu\u1ea3n tr\u1ecb ng\u00e2n qu\u1ef9<\/p><p>5. T\u00e0i tr\u1ee3 d\u1ef1 \u00e1n<\/p><p>6. Ng\u00e2n h\u00e0ng \u0111\u1ea7u t\u01b0<\/p><\/div>\n\t\t\t\t<\/div>\n\t\t\t\t\t\t\t<div class=\"elementor-accordion-item\">\n\t\t\t\t\t<div id=\"elementor-tab-title-1635\" class=\"elementor-tab-title\" data-tab=\"5\" role=\"button\" aria-controls=\"elementor-tab-content-1635\" aria-expanded=\"false\">\n\t\t\t\t\t\t\t\t\t\t\t\t\t<span class=\"elementor-accordion-icon elementor-accordion-icon-left\" aria-hidden=\"true\">\n\t\t\t\t\t\t\t\t\t\t\t\t\t\t\t<span class=\"elementor-accordion-icon-closed\"><i class=\"fas fa-plus\"><\/i><\/span>\n\t\t\t\t\t\t\t\t<span class=\"elementor-accordion-icon-opened\"><i class=\"fas fa-minus\"><\/i><\/span>\n\t\t\t\t\t\t\t\t\t\t\t\t\t\t<\/span>\n\t\t\t\t\t\t\t\t\t\t\t\t<a class=\"elementor-accordion-title\" tabindex=\"0\">B\u1ed9 m\u00f4n Th\u1ecb tr\u01b0\u1eddng T\u00e0i ch\u00ednh<\/a>\n\t\t\t\t\t<\/div>\n\t\t\t\t\t<div id=\"elementor-tab-content-1635\" class=\"elementor-tab-content elementor-clearfix\" data-tab=\"5\" role=\"region\" aria-labelledby=\"elementor-tab-title-1635\"><p><img loading=\"lazy\" decoding=\"async\" class=\" size-full wp-image-206\" src=\"https:\/\/sob.ueh.edu.vn\/en\/wp-content\/uploads\/2012\/05\/TTTC.png\" alt=\"TTTC\" width=\"708\" height=\"312\" \/><\/p><p><strong>B\u1ed9 m\u00f4n Th\u1ecb tr\u01b0\u1eddng t\u00e0i ch\u00ednh<\/strong><br \/>Gi\u1edbi thi\u1ec7u<br \/>B\u1ed9 m\u00f4n Th\u1ecb tr\u01b0\u1eddng t\u00e0i ch\u00ednh tr\u1ef1c thu\u1ed9c khoa Ng\u00e2n h\u00e0ng, tr\u01b0\u1eddng \u0110\u1ea1i h\u1ecdc Kinh t\u1ebf Th\u00e0nh ph\u1ed1 H\u1ed3 Ch\u00ed Minh. B\u1ed9 m\u00f4n \u0111\u1ea3m nh\u1eadn ph\u00e1t tri\u1ec3n ch\u01b0\u01a1ng tr\u00ecnh \u0111\u00e0o t\u1ea1o, gi\u1ea3ng d\u1ea1y v\u00e0 nghi\u00ean c\u1ee9u khoa h\u1ecdc trong l\u0129nh v\u1ef1c th\u1ecb tr\u01b0\u1eddng t\u00e0i ch\u00ednh, c\u00f4ng c\u1ee5 t\u00e0i ch\u00ednh v\u00e0 qu\u1ea3n tr\u1ecb c\u00e1c \u0111\u1ecbnh ch\u1ebf t\u00e0i ch\u00ednh. \u0110\u1ed9i ng\u0169 gi\u1ea3ng vi\u00ean c\u00f3 nhi\u1ec1u kinh nghi\u1ec7m v\u00e0 b\u1eb1ng c\u1ea5p qu\u1ed1c t\u1ebf (United States, Germany, Australia, New Zealand\u2026). B\u1ed9 m\u00f4n c\u00f3 s\u1ef1 h\u1ee3p t\u00e1c s\u00e2u r\u1ed9ng v\u1edbi c\u00e1c t\u1ed5 ch\u1ee9c qu\u1ed1c t\u1ebf v\u00e0 doanh nghi\u1ec7p, c\u00f4ng ty ch\u1ee9ng kho\u00e1n v\u00e0 ng\u00e2n h\u00e0ng.<\/p><p>Danh s\u00e1ch gi\u1ea3ng vi\u00ean<br \/>1. Tr\u01b0\u1edfng B\u1ed9 m\u00f4n: PGS. TS. Nguy\u1ec5n H\u1eefu Hu\u00e2n<\/p><p>2. Ph\u00f3 Tr\u01b0\u1edfng B\u1ed9 m\u00f4n: TS. Phan Thu Hi\u1ec1n<\/p><p>3. TS. Ph\u1ea1m Th\u1ecb Anh Th\u01b0<br \/>4. TS. L\u00ea Nguy\u1ec5n Qu\u1ef3nh H\u01b0\u01a1ng<br \/>5. ThS. L\u00ea V\u0103n L\u00e2m<br \/>6. TS. Ng\u00f4 Minh V\u0169<\/p><p><img loading=\"lazy\" decoding=\"async\" class=\" size-full wp-image-207\" src=\"https:\/\/sob.ueh.edu.vn\/en\/wp-content\/uploads\/2012\/05\/TTTC2.JPG\" alt=\"TTTC2\" width=\"685\" height=\"456\" \/><\/p><\/div>\n\t\t\t\t<\/div>\n\t\t\t\t\t\t\t\t<\/div>\n\t\t\t\t\t\t<\/div>\n\t\t\t\t<\/div>\n\t\t\t\t\t<\/div>\n\t\t<\/div>\n\t\t\t\t<div class=\"elementor-column elementor-col-50 elementor-top-column elementor-element elementor-element-6c6d88a\" data-id=\"6c6d88a\" data-element_type=\"column\">\n\t\t\t<div class=\"elementor-widget-wrap elementor-element-populated\">\n\t\t\t\t\t\t<div class=\"elementor-element elementor-element-b1689a2 elementor-search-form--skin-classic elementor-search-form--button-type-icon elementor-search-form--icon-search elementor-widget elementor-widget-search-form\" data-id=\"b1689a2\" data-element_type=\"widget\" data-settings=\"{&quot;skin&quot;:&quot;classic&quot;}\" data-widget_type=\"search-form.default\">\n\t\t\t\t<div class=\"elementor-widget-container\">\n\t\t\t\t\t\t\t<form class=\"elementor-search-form\" action=\"https:\/\/sob.ueh.edu.vn\/en\" method=\"get\" role=\"search\">\n\t\t\t\t\t\t\t\t\t<div class=\"elementor-search-form__container\">\n\t\t\t\t<label class=\"elementor-screen-only\" for=\"elementor-search-form-b1689a2\">Search<\/label>\n\n\t\t\t\t\n\t\t\t\t<input id=\"elementor-search-form-b1689a2\" placeholder=\"Search...\" class=\"elementor-search-form__input\" type=\"search\" name=\"s\" value=\"\">\n\t\t\t\t\n\t\t\t\t\t\t\t\t\t<button class=\"elementor-search-form__submit\" type=\"submit\" aria-label=\"Search\">\n\t\t\t\t\t\t\t\t\t\t\t\t\t<i aria-hidden=\"true\" class=\"fas fa-search\"><\/i>\t\t\t\t\t\t\t<span class=\"elementor-screen-only\">Search<\/span>\n\t\t\t\t\t\t\t\t\t\t\t<\/button>\n\t\t\t\t\n\t\t\t\t\t\t\t<\/div>\n\t\t<\/form>\n\t\t\t\t\t\t<\/div>\n\t\t\t\t<\/div>\n\t\t\t\t<div class=\"elementor-element elementor-element-3f828dc elementor-widget elementor-widget-wp-widget-bellows_navigation_widget\" data-id=\"3f828dc\" data-element_type=\"widget\" data-widget_type=\"wp-widget-bellows_navigation_widget.default\">\n\t\t\t\t<div class=\"elementor-widget-container\">\n\t\t\t\t\t<nav id=\"bellows-main-46\" class=\"bellows bellows-nojs bellows-main bellows-source-menu bellows-align-full bellows-skin-vanilla bellows-type- bellows-expand-current\"><ul id=\"menu-gioi-thieu\" class=\"bellows-nav\" data-bellows-config=\"main\"><li id=\"menu-item-1163\" class=\"bellows-menu-item bellows-menu-item-type-post_type bellows-menu-item-object-page bellows-menu-item-has-children bellows-menu-item-1163 bellows-item-level-0\"><a  href=\"https:\/\/sob.ueh.edu.vn\/en\/gioi-thieu\/\" class=\"bellows-target\"><span class=\"bellows-target-title bellows-target-text\">Gi\u1edbi thi\u1ec7u<\/span><button class=\"bellows-subtoggle\" aria-label=\"Toggle Submenu\"><i class=\"bellows-subtoggle-icon-expand fa fa-chevron-down\"><\/i><i class=\"bellows-subtoggle-icon-collapse fa fa-chevron-up\"><\/i><\/button><\/a>\n<ul class=\"bellows-submenu\">\n\t<li id=\"menu-item-9807\" class=\"bellows-menu-item bellows-menu-item-type-post_type bellows-menu-item-object-page bellows-menu-item-9807 bellows-item-level-1\"><a  href=\"https:\/\/sob.ueh.edu.vn\/en\/gioi-thieu\/lich-su-hinh-thanh\/\" class=\"bellows-target\"><span class=\"bellows-target-title bellows-target-text\">L\u1ecbch s\u1eed h\u00ecnh th\u00e0nh<\/span><\/a><\/li>\n\t<li id=\"menu-item-9806\" class=\"bellows-menu-item bellows-menu-item-type-post_type bellows-menu-item-object-page bellows-menu-item-9806 bellows-item-level-1\"><a  href=\"https:\/\/sob.ueh.edu.vn\/en\/gioi-thieu\/tam-nhin-su-menh\/\" class=\"bellows-target\"><span class=\"bellows-target-title bellows-target-text\">T\u1ea7m nh\u00ecn \u2013 S\u1ee9 m\u1ec7nh<\/span><\/a><\/li>\n\t<li id=\"menu-item-9805\" class=\"bellows-menu-item bellows-menu-item-type-post_type bellows-menu-item-object-page bellows-menu-item-9805 bellows-item-level-1\"><a  href=\"https:\/\/sob.ueh.edu.vn\/en\/gioi-thieu\/gia-tri-muc-tieu\/\" class=\"bellows-target\"><span class=\"bellows-target-title bellows-target-text\">Gi\u00e1 tr\u1ecb \u2013 M\u1ee5c ti\u00eau<\/span><\/a><\/li>\n\t<li id=\"menu-item-1164\" class=\"bellows-menu-item bellows-menu-item-type-post_type bellows-menu-item-object-page bellows-menu-item-1164 bellows-item-level-1\"><a  href=\"https:\/\/sob.ueh.edu.vn\/en\/gioi-thieu\/co-cau-to-chuc\/\" class=\"bellows-target\"><span class=\"bellows-target-title bellows-target-text\">C\u01a1 c\u1ea5u t\u1ed5 ch\u1ee9c<\/span><\/a><\/li>\n\t<li id=\"menu-item-1165\" class=\"bellows-menu-item bellows-menu-item-type-post_type bellows-menu-item-object-page bellows-menu-item-1165 bellows-item-level-1\"><a  href=\"https:\/\/sob.ueh.edu.vn\/en\/gioi-thieu\/doi-ngu-giang-vien\/\" class=\"bellows-target\"><span class=\"bellows-target-title bellows-target-text\">\u0110\u1ed9i ng\u0169 Gi\u1ea3ng vi\u00ean<\/span><\/a><\/li>\n<\/ul>\n<\/li>\n<\/ul><\/nav>\t\t\t\t<\/div>\n\t\t\t\t<\/div>\n\t\t\t\t\t<\/div>\n\t\t<\/div>\n\t\t\t\t\t<\/div>\n\t\t<\/section>\n\t\t\t\t<section class=\"elementor-section elementor-top-section elementor-element elementor-element-14d87fe elementor-section-boxed elementor-section-height-default elementor-section-height-default\" data-id=\"14d87fe\" data-element_type=\"section\" data-settings=\"{&quot;jet_parallax_layout_list&quot;:[]}\">\n\t\t\t\t\t\t<div class=\"elementor-container elementor-column-gap-default\">\n\t\t\t\t\t<div class=\"elementor-column elementor-col-100 elementor-top-column elementor-element elementor-element-f3fae2b\" data-id=\"f3fae2b\" data-element_type=\"column\">\n\t\t\t<div class=\"elementor-widget-wrap elementor-element-populated\">\n\t\t\t\t\t\t<div class=\"elementor-element elementor-element-83e7722 elementor-widget elementor-widget-text-editor\" data-id=\"83e7722\" data-element_type=\"widget\" data-widget_type=\"text-editor.default\">\n\t\t\t\t<div class=\"elementor-widget-container\">\n\t\t\t\t\t\t\t\t\t<p>Lorem ipsum dolor sit amet, consectetur adipiscing elit. Ut elit tellus, luctus nec ullamcorper mattis, pulvinar dapibus leo.<\/p>\t\t\t\t\t\t\t\t<\/div>\n\t\t\t\t<\/div>\n\t\t\t\t\t<\/div>\n\t\t<\/div>\n\t\t\t\t\t<\/div>\n\t\t<\/section>\n\t\t\t\t<\/div>\n\t\t","protected":false},"excerpt":{"rendered":"<p>\u0110\u1ed9i ng\u0169 Gi\u1ea3ng vi\u00ean B\u1ed9 ph\u1eadn Th\u01b0 k\u00fd khoa B\u1ea3ng ph\u00e2n c\u00f4ng nhi\u1ec7m v\u1ee5 B\u1ed9 m\u00f4n Ng\u00e2n h\u00e0ng Qu\u1ed1c t\u1ebf B\u1ed8 M\u00d4N NG\u00c2N H\u00c0NG QU\u1ed0C T\u1ebe I. Gi\u1edbi thi\u1ec7u: B\u1ed9 m\u00f4n Ng\u00e2n h\u00e0ng Qu\u1ed1c t\u1ebf tr\u1ef1c thu\u1ed9c khoa Ng\u00e2n h\u00e0ng c\u1ee7a tr\u01b0\u1eddng \u0110\u1ea1i h\u1ecdc Kinh t\u1ebf TP. H\u1ed3 Ch\u00ed Minh. B\u1ed9 m\u00f4n \u0111\u01b0\u1ee3c th\u00e0nh l\u1eadp [&hellip;]<\/p>\n","protected":false},"author":1,"featured_media":9634,"parent":632,"menu_order":0,"comment_status":"closed","ping_status":"closed","template":"","meta":{"footnotes":""},"class_list":["post-1130","page","type-page","status-publish","has-post-thumbnail","hentry"],"_links":{"self":[{"href":"https:\/\/sob.ueh.edu.vn\/en\/wp-json\/wp\/v2\/pages\/1130","targetHints":{"allow":["GET"]}}],"collection":[{"href":"https:\/\/sob.ueh.edu.vn\/en\/wp-json\/wp\/v2\/pages"}],"about":[{"href":"https:\/\/sob.ueh.edu.vn\/en\/wp-json\/wp\/v2\/types\/page"}],"author":[{"embeddable":true,"href":"https:\/\/sob.ueh.edu.vn\/en\/wp-json\/wp\/v2\/users\/1"}],"replies":[{"embeddable":true,"href":"https:\/\/sob.ueh.edu.vn\/en\/wp-json\/wp\/v2\/comments?post=1130"}],"version-history":[{"count":22,"href":"https:\/\/sob.ueh.edu.vn\/en\/wp-json\/wp\/v2\/pages\/1130\/revisions"}],"predecessor-version":[{"id":10139,"href":"https:\/\/sob.ueh.edu.vn\/en\/wp-json\/wp\/v2\/pages\/1130\/revisions\/10139"}],"up":[{"embeddable":true,"href":"https:\/\/sob.ueh.edu.vn\/en\/wp-json\/wp\/v2\/pages\/632"}],"wp:featuredmedia":[{"embeddable":true,"href":"https:\/\/sob.ueh.edu.vn\/en\/wp-json\/wp\/v2\/media\/9634"}],"wp:attachment":[{"href":"https:\/\/sob.ueh.edu.vn\/en\/wp-json\/wp\/v2\/media?parent=1130"}],"curies":[{"name":"wp","href":"https:\/\/api.w.org\/{rel}","templated":true}]}}