{"id":623,"date":"2022-09-27T01:02:56","date_gmt":"2022-09-26T18:02:56","guid":{"rendered":"https:\/\/sob.ueh.edu.vn\/en\/?page_id=623"},"modified":"2023-06-20T14:06:17","modified_gmt":"2023-06-20T07:06:17","slug":"chuong-trinh-dao-tao","status":"publish","type":"page","link":"https:\/\/sob.ueh.edu.vn\/en\/chuong-trinh-dao-tao\/","title":{"rendered":"Ch\u01b0\u01a1ng tr\u00ecnh \u0111\u00e0o t\u1ea1o"},"content":{"rendered":"\t\t<div data-elementor-type=\"wp-page\" data-elementor-id=\"623\" class=\"elementor elementor-623\" data-elementor-post-type=\"page\">\n\t\t\t\t\t\t<section class=\"elementor-section elementor-top-section elementor-element elementor-element-8609545 elementor-section-boxed elementor-section-height-default elementor-section-height-default\" data-id=\"8609545\" data-element_type=\"section\" data-settings=\"{&quot;jet_parallax_layout_list&quot;:[]}\">\n\t\t\t\t\t\t<div class=\"elementor-container elementor-column-gap-default\">\n\t\t\t\t\t<div class=\"elementor-column elementor-col-50 elementor-top-column elementor-element elementor-element-df43ca2\" data-id=\"df43ca2\" data-element_type=\"column\">\n\t\t\t<div class=\"elementor-widget-wrap elementor-element-populated\">\n\t\t\t\t\t\t<div class=\"elementor-element elementor-element-e71d9e9 premium-header-inline elementor-widget elementor-widget-premium-addon-dual-header\" data-id=\"e71d9e9\" data-element_type=\"widget\" data-widget_type=\"premium-addon-dual-header.default\">\n\t\t\t\t<div class=\"elementor-widget-container\">\n\t\t\t\t\t\r\n\t\t\t\t\t<h2 class=\"premium-dual-header-first-header \"><span class=\"premium-dual-header-first-span\">Ch\u01b0\u01a1ng tr\u00ecnh <\/span><span class=\"premium-dual-header-second-header \">\u0110\u00e0o t\u1ea1o<\/span><\/h2> \t\t\r\n\t\t\t\t\t\t<\/div>\n\t\t\t\t<\/div>\n\t\t\t\t<div class=\"elementor-element elementor-element-64d4511 elementor-tabs-view-horizontal elementor-widget elementor-widget-tabs\" data-id=\"64d4511\" data-element_type=\"widget\" data-widget_type=\"tabs.default\">\n\t\t\t\t<div class=\"elementor-widget-container\">\n\t\t\t\t\t\t\t<div class=\"elementor-tabs\">\n\t\t\t<div class=\"elementor-tabs-wrapper\" role=\"tablist\" >\n\t\t\t\t\t\t\t\t\t<div id=\"elementor-tab-title-1051\" class=\"elementor-tab-title elementor-tab-desktop-title\" aria-selected=\"true\" data-tab=\"1\" role=\"tab\" tabindex=\"0\" aria-controls=\"elementor-tab-content-1051\" aria-expanded=\"false\">C\u1eed nh\u00e2n<\/div>\n\t\t\t\t\t\t\t\t\t<div id=\"elementor-tab-title-1052\" class=\"elementor-tab-title elementor-tab-desktop-title\" aria-selected=\"false\" data-tab=\"2\" role=\"tab\" tabindex=\"-1\" aria-controls=\"elementor-tab-content-1052\" aria-expanded=\"false\">Th\u1ea1c s\u0129<\/div>\n\t\t\t\t\t\t\t\t\t<div id=\"elementor-tab-title-1053\" class=\"elementor-tab-title elementor-tab-desktop-title\" aria-selected=\"false\" data-tab=\"3\" role=\"tab\" tabindex=\"-1\" aria-controls=\"elementor-tab-content-1053\" aria-expanded=\"false\">Ti\u1ebfn s\u0129<\/div>\n\t\t\t\t\t\t\t<\/div>\n\t\t\t<div class=\"elementor-tabs-content-wrapper\" role=\"tablist\" aria-orientation=\"vertical\">\n\t\t\t\t\t\t\t\t\t<div class=\"elementor-tab-title elementor-tab-mobile-title\" aria-selected=\"true\" data-tab=\"1\" role=\"tab\" tabindex=\"0\" aria-controls=\"elementor-tab-content-1051\" aria-expanded=\"false\">C\u1eed nh\u00e2n<\/div>\n\t\t\t\t\t<div id=\"elementor-tab-content-1051\" class=\"elementor-tab-content elementor-clearfix\" data-tab=\"1\" role=\"tabpanel\" aria-labelledby=\"elementor-tab-title-1051\" tabindex=\"0\" hidden=\"false\"><h5><span style=\"color: #005f69;\">C\u1eed nh\u00e2n T\u00e0i ch\u00ednh ng\u00e2n h\u00e0ng: chuy\u00ean ng\u00e0nh<\/span><\/h5><ul><li><span style=\"color: #f26f33;\"><a style=\"color: #f26f33;\" href=\"https:\/\/tuyensinh.ueh.edu.vn\/bai-viet\/ngan-hang-dai-hoc-chinh-quy-chuong-trinh-chuan\/\">Ng\u00e2n h\u00e0ng<\/a><\/span><\/li><li><span style=\"color: #f26f33;\"><a style=\"color: #f26f33;\" href=\"https:\/\/tuyensinh.ueh.edu.vn\/bai-viet\/ngan-hang-quoc-te-dai-hoc-chinh-quy-chuong-trinh-chuan\/\">Ng\u00e2n h\u00e0ng qu\u1ed1c t\u1ebf<\/a><\/span><\/li><li><span style=\"color: #f26f33;\"><a style=\"color: #f26f33;\" href=\"https:\/\/tuyensinh.ueh.edu.vn\/bai-viet\/ngan-hang-dau-tu-dai-hoc-chinh-quy-chuong-trinh-chuan\/\">Ng\u00e2n h\u00e0ng \u0111\u1ea7u t\u01b0<\/a><\/span><\/li><li><span style=\"color: #f26f33;\"><a style=\"color: #f26f33;\" href=\"https:\/\/tuyensinh.ueh.edu.vn\/bai-viet\/thi-truong-chung-khoan-dai-hoc-chinh-quy-chuong-trinh-chuan\/\">Th\u1ecb tr\u01b0\u1eddng ch\u1ee9ng kho\u00e1n<\/a><\/span><\/li><li><span style=\"color: #f26f33;\"><a style=\"color: #f26f33;\" href=\"https:\/\/tuyensinh.ueh.edu.vn\/bai-viet\/quan-tri-tin-dung-dai-hoc-chinh-quy-chuong-trinh-chuan\/\">Qu\u1ea3n tr\u1ecb t\u00edn d\u1ee5ng<\/a><\/span><\/li><\/ul><h5><span style=\"color: #005f69;\">C\u1eed nh\u00e2n ch\u1ea5t l\u01b0\u1ee3ng cao ng\u00e0nh T\u00e0i ch\u00ednh Ng\u00e2n h\u00e0ng<\/span><\/h5><ul><li><span style=\"color: #f26f33;\">Ng\u00e2n h\u00e0ng (gi\u1ea3ng d\u1ea1y b\u1eb1ng\u00a0<a style=\"color: #f26f33;\" href=\"https:\/\/tuyensinh.ueh.edu.vn\/bai-viet\/ngan-hang-dai-hoc-chinh-quy-chat-luong-cao-tieng-viet\/\">ti\u1ebfng Vi\u1ec7t<\/a>,\u00a0<a style=\"color: #f26f33;\" href=\"https:\/\/tuyensinh.ueh.edu.vn\/bai-viet\/cu-nhan-dai-hoc-chinh-quy-ngan-hang-chat-luong-cao-tieng-anh\/\">ti\u1ebfng Anh<\/a>)<\/span><\/li><\/ul><\/div>\n\t\t\t\t\t\t\t\t\t<div class=\"elementor-tab-title elementor-tab-mobile-title\" aria-selected=\"false\" data-tab=\"2\" role=\"tab\" tabindex=\"-1\" aria-controls=\"elementor-tab-content-1052\" aria-expanded=\"false\">Th\u1ea1c s\u0129<\/div>\n\t\t\t\t\t<div id=\"elementor-tab-content-1052\" class=\"elementor-tab-content elementor-clearfix\" data-tab=\"2\" role=\"tabpanel\" aria-labelledby=\"elementor-tab-title-1052\" tabindex=\"0\" hidden=\"hidden\"><h5><span style=\"color: #005f69;\">Th\u1ea1c s\u0129 t\u00e0i ch\u00ednh ng\u00e2n h\u00e0ng: chuy\u00ean ng\u00e0nh<\/span><\/h5><ul><li><span style=\"color: #f26f33;\">Ng\u00e2n h\u00e0ng (<a style=\"color: #f26f33;\" href=\"https:\/\/tuyensinh.ueh.edu.vn\/bai-viet\/chuyen-nganh-ngan-hang-thac-si-huong-ung-dung\/\">H\u01b0\u1edbng \u1ee9ng d\u1ee5ng<\/a>\u00a0v\u00e0\u00a0<a style=\"color: #f26f33;\" href=\"https:\/\/tuyensinh.ueh.edu.vn\/bai-viet\/chuyen-nganh-ngan-hang-thac-si-huong-nghien-cuu\/\">H\u01b0\u1edbng nghi\u00ean c\u1ee9u<\/a>)<\/span><\/li><li><span style=\"color: #f26f33;\">C\u00f4ng c\u1ee5 v\u00e0 th\u1ecb tr\u01b0\u1eddng t\u00e0i ch\u00ednh (H\u01b0\u1edbng \u1ee9ng d\u1ee5ng v\u00e0 H\u01b0\u1edbng nghi\u00ean c\u1ee9u)<\/span><\/li><li><span style=\"color: #f26f33;\">Th\u1ea1c s\u0129 \u0111i\u1ec1u h\u00e0nh cao c\u1ea5p chuy\u00ean ng\u00e0nh T\u00e0i ch\u00ednh ng\u00e2n h\u00e0ng<\/span><\/li><\/ul><\/div>\n\t\t\t\t\t\t\t\t\t<div class=\"elementor-tab-title elementor-tab-mobile-title\" aria-selected=\"false\" data-tab=\"3\" role=\"tab\" tabindex=\"-1\" aria-controls=\"elementor-tab-content-1053\" aria-expanded=\"false\">Ti\u1ebfn s\u0129<\/div>\n\t\t\t\t\t<div id=\"elementor-tab-content-1053\" class=\"elementor-tab-content elementor-clearfix\" data-tab=\"3\" role=\"tabpanel\" aria-labelledby=\"elementor-tab-title-1053\" tabindex=\"0\" hidden=\"hidden\"><ul><li><span style=\"color: #f26f33;\"><a style=\"color: #f26f33;\" href=\"https:\/\/tuyensinh.ueh.edu.vn\/bai-viet\/tien-si-chuyen-nganh-ngan-hang\/\">Ti\u1ebfn s\u0129 ng\u00e0nh T\u00e0i ch\u00ednh ng\u00e2n h\u00e0ng chuy\u00ean ng\u00e0nh ng\u00e2n h\u00e0ng<\/a><\/span><\/li><\/ul><\/div>\n\t\t\t\t\t\t\t<\/div>\n\t\t<\/div>\n\t\t\t\t\t\t<\/div>\n\t\t\t\t<\/div>\n\t\t\t\t\t<\/div>\n\t\t<\/div>\n\t\t\t\t<div class=\"elementor-column elementor-col-50 elementor-top-column elementor-element elementor-element-ba0f7c4\" data-id=\"ba0f7c4\" data-element_type=\"column\">\n\t\t\t<div class=\"elementor-widget-wrap elementor-element-populated\">\n\t\t\t\t\t\t<div class=\"elementor-element elementor-element-f3b2f5d elementor-search-form--skin-classic elementor-search-form--button-type-icon elementor-search-form--icon-search elementor-widget elementor-widget-search-form\" data-id=\"f3b2f5d\" data-element_type=\"widget\" data-settings=\"{&quot;skin&quot;:&quot;classic&quot;}\" data-widget_type=\"search-form.default\">\n\t\t\t\t<div class=\"elementor-widget-container\">\n\t\t\t\t\t\t\t<form class=\"elementor-search-form\" action=\"https:\/\/sob.ueh.edu.vn\/en\" method=\"get\" role=\"search\">\n\t\t\t\t\t\t\t\t\t<div class=\"elementor-search-form__container\">\n\t\t\t\t<label class=\"elementor-screen-only\" for=\"elementor-search-form-f3b2f5d\">Search<\/label>\n\n\t\t\t\t\n\t\t\t\t<input id=\"elementor-search-form-f3b2f5d\" placeholder=\"Nh\u1eadp n\u1ed9i dung c\u1ea7n t\u00ecm...\" class=\"elementor-search-form__input\" type=\"search\" name=\"s\" value=\"\">\n\t\t\t\t\n\t\t\t\t\t\t\t\t\t<button class=\"elementor-search-form__submit\" type=\"submit\" aria-label=\"Search\">\n\t\t\t\t\t\t\t\t\t\t\t\t\t<i aria-hidden=\"true\" class=\"fas fa-search\"><\/i>\t\t\t\t\t\t\t<span class=\"elementor-screen-only\">Search<\/span>\n\t\t\t\t\t\t\t\t\t\t\t<\/button>\n\t\t\t\t\n\t\t\t\t\t\t\t<\/div>\n\t\t<\/form>\n\t\t\t\t\t\t<\/div>\n\t\t\t\t<\/div>\n\t\t\t\t<div class=\"elementor-element elementor-element-f800aa9 elementor-widget elementor-widget-wp-widget-bellows_navigation_widget\" data-id=\"f800aa9\" data-element_type=\"widget\" data-widget_type=\"wp-widget-bellows_navigation_widget.default\">\n\t\t\t\t<div class=\"elementor-widget-container\">\n\t\t\t\t\t<nav id=\"bellows-main-35\" class=\"bellows bellows-nojs bellows-main bellows-source-menu bellows-align-full bellows-skin-vanilla bellows-type- bellows-expand-current\"><ul id=\"menu-sidebar-nav\" class=\"bellows-nav\" data-bellows-config=\"main\"><li id=\"menu-item-1106\" class=\"bellows-menu-item bellows-menu-item-type-post_type bellows-menu-item-object-page bellows-menu-item-has-children bellows-menu-item-1106 bellows-item-level-0\"><a  href=\"https:\/\/sob.ueh.edu.vn\/en\/chuong-trinh-dao-tao\/\" class=\"bellows-target\"><span class=\"bellows-target-title bellows-target-text\">Ch\u01b0\u01a1ng tr\u00ecnh \u0111\u00e0o t\u1ea1o<\/span><button class=\"bellows-subtoggle\" aria-label=\"Toggle Submenu\"><i class=\"bellows-subtoggle-icon-expand fa fa-chevron-down\"><\/i><i class=\"bellows-subtoggle-icon-collapse fa fa-chevron-up\"><\/i><\/button><\/a>\n<ul class=\"bellows-submenu\">\n\t<li id=\"menu-item-1146\" class=\"bellows-menu-item bellows-menu-item-type-taxonomy bellows-menu-item-object-category bellows-menu-item-1146 bellows-item-level-1\"><a  href=\"https:\/\/sob.ueh.edu.vn\/en\/category\/chuong-trinh-dao-tao\/cu-nhan\/\" class=\"bellows-target\"><span class=\"bellows-target-title bellows-target-text\">C\u1eed nh\u00e2n<\/span><\/a><\/li>\n\t<li id=\"menu-item-1147\" class=\"bellows-menu-item bellows-menu-item-type-taxonomy bellows-menu-item-object-category bellows-menu-item-1147 bellows-item-level-1\"><a  href=\"https:\/\/sob.ueh.edu.vn\/en\/category\/chuong-trinh-dao-tao\/thac-si\/\" class=\"bellows-target\"><span class=\"bellows-target-title bellows-target-text\">Th\u1ea1c s\u0129<\/span><\/a><\/li>\n\t<li id=\"menu-item-1148\" class=\"bellows-menu-item bellows-menu-item-type-taxonomy bellows-menu-item-object-category bellows-menu-item-1148 bellows-item-level-1\"><a  href=\"https:\/\/sob.ueh.edu.vn\/en\/category\/chuong-trinh-dao-tao\/tien-si\/\" class=\"bellows-target\"><span class=\"bellows-target-title bellows-target-text\">Ti\u1ebfn s\u0129<\/span><\/a><\/li>\n<\/ul>\n<\/li>\n<li id=\"menu-item-1104\" class=\"bellows-menu-item bellows-menu-item-type-taxonomy bellows-menu-item-object-category bellows-menu-item-1104 bellows-item-level-0\"><a  href=\"https:\/\/sob.ueh.edu.vn\/en\/category\/tin-tuc\/\" class=\"bellows-target\"><span class=\"bellows-target-title bellows-target-text\">Tin t\u1ee9c<\/span><\/a><\/li>\n<li id=\"menu-item-1150\" class=\"bellows-menu-item bellows-menu-item-type-taxonomy bellows-menu-item-object-category bellows-menu-item-1150 bellows-item-level-0\"><a  href=\"https:\/\/sob.ueh.edu.vn\/en\/category\/tuyen-sinh\/\" class=\"bellows-target\"><span class=\"bellows-target-title bellows-target-text\">Tuy\u1ec3n sinh<\/span><\/a><\/li>\n<li id=\"menu-item-1105\" class=\"bellows-menu-item bellows-menu-item-type-taxonomy bellows-menu-item-object-category bellows-menu-item-has-children bellows-menu-item-1105 bellows-item-level-0\"><a  href=\"https:\/\/sob.ueh.edu.vn\/en\/category\/nghien-cuu\/\" class=\"bellows-target\"><span class=\"bellows-target-title bellows-target-text\">Nghi\u00ean c\u1ee9u<\/span><button class=\"bellows-subtoggle\" aria-label=\"Toggle Submenu\"><i class=\"bellows-subtoggle-icon-expand fa fa-chevron-down\"><\/i><i class=\"bellows-subtoggle-icon-collapse fa fa-chevron-up\"><\/i><\/button><\/a>\n<ul class=\"bellows-submenu\">\n\t<li id=\"menu-item-1100\" class=\"bellows-menu-item bellows-menu-item-type-taxonomy bellows-menu-item-object-category bellows-menu-item-has-children bellows-menu-item-1100 bellows-item-level-1\"><a  href=\"https:\/\/sob.ueh.edu.vn\/en\/category\/nghien-cuu\/giang-vien\/\" class=\"bellows-target\"><span class=\"bellows-target-title bellows-target-text\">Gi\u1ea3ng vi\u00ean<\/span><button class=\"bellows-subtoggle\" aria-label=\"Toggle Submenu\"><i class=\"bellows-subtoggle-icon-expand fa fa-chevron-down\"><\/i><i class=\"bellows-subtoggle-icon-collapse fa fa-chevron-up\"><\/i><\/button><\/a>\n\t<ul class=\"bellows-submenu\">\n\t\t<li id=\"menu-item-1101\" class=\"bellows-menu-item bellows-menu-item-type-taxonomy bellows-menu-item-object-category bellows-menu-item-1101 bellows-item-level-2\"><a  href=\"https:\/\/sob.ueh.edu.vn\/en\/category\/nghien-cuu\/giang-vien\/cong-bo-quoc-te\/\" class=\"bellows-target\"><span class=\"bellows-target-title bellows-target-text\">C\u00f4ng b\u1ed1 qu\u1ed1c t\u1ebf<\/span><\/a><\/li>\n\t\t<li id=\"menu-item-1102\" class=\"bellows-menu-item bellows-menu-item-type-taxonomy bellows-menu-item-object-category bellows-menu-item-1102 bellows-item-level-2\"><a  href=\"https:\/\/sob.ueh.edu.vn\/en\/category\/nghien-cuu\/giang-vien\/cong-bo-trong-nuoc\/\" class=\"bellows-target\"><span class=\"bellows-target-title bellows-target-text\">C\u00f4ng b\u1ed1 trong n\u01b0\u1edbc<\/span><\/a><\/li>\n\t<\/ul>\n<\/li>\n\t<li id=\"menu-item-1103\" class=\"bellows-menu-item bellows-menu-item-type-taxonomy bellows-menu-item-object-category bellows-menu-item-1103 bellows-item-level-1\"><a  href=\"https:\/\/sob.ueh.edu.vn\/en\/category\/nghien-cuu\/sinh-vien\/\" class=\"bellows-target\"><span class=\"bellows-target-title bellows-target-text\">Sinh vi\u00ean<\/span><\/a><\/li>\n<\/ul>\n<\/li>\n<li id=\"menu-item-1118\" class=\"bellows-menu-item bellows-menu-item-type-taxonomy bellows-menu-item-object-category bellows-menu-item-has-children bellows-menu-item-1118 bellows-item-level-0\"><a  href=\"https:\/\/sob.ueh.edu.vn\/en\/category\/hop-tac\/\" class=\"bellows-target\"><span class=\"bellows-target-title bellows-target-text\">H\u1ee3p t\u00e1c<\/span><button class=\"bellows-subtoggle\" aria-label=\"Toggle Submenu\"><i class=\"bellows-subtoggle-icon-expand fa fa-chevron-down\"><\/i><i class=\"bellows-subtoggle-icon-collapse fa fa-chevron-up\"><\/i><\/button><\/a>\n<ul class=\"bellows-submenu\">\n\t<li id=\"menu-item-1119\" class=\"bellows-menu-item bellows-menu-item-type-taxonomy bellows-menu-item-object-category bellows-menu-item-1119 bellows-item-level-1\"><a  href=\"https:\/\/sob.ueh.edu.vn\/en\/category\/hop-tac\/hop-tac-quoc-te\/\" class=\"bellows-target\"><span class=\"bellows-target-title bellows-target-text\">H\u1ee3p t\u00e1c qu\u1ed1c t\u1ebf<\/span><\/a><\/li>\n\t<li id=\"menu-item-1120\" class=\"bellows-menu-item bellows-menu-item-type-taxonomy bellows-menu-item-object-category bellows-menu-item-1120 bellows-item-level-1\"><a  href=\"https:\/\/sob.ueh.edu.vn\/en\/category\/hop-tac\/hop-tac-trong-nuoc\/\" class=\"bellows-target\"><span class=\"bellows-target-title bellows-target-text\">H\u1ee3p t\u00e1c trong n\u01b0\u1edbc<\/span><\/a><\/li>\n<\/ul>\n<\/li>\n<li id=\"menu-item-1121\" class=\"bellows-menu-item bellows-menu-item-type-taxonomy bellows-menu-item-object-category bellows-menu-item-has-children bellows-menu-item-1121 bellows-item-level-0\"><a  href=\"https:\/\/sob.ueh.edu.vn\/en\/category\/sinh-vien-2\/\" class=\"bellows-target\"><span class=\"bellows-target-title bellows-target-text\">Sinh vi\u00ean<\/span><button class=\"bellows-subtoggle\" aria-label=\"Toggle Submenu\"><i class=\"bellows-subtoggle-icon-expand fa fa-chevron-down\"><\/i><i class=\"bellows-subtoggle-icon-collapse fa fa-chevron-up\"><\/i><\/button><\/a>\n<ul class=\"bellows-submenu\">\n\t<li id=\"menu-item-1122\" class=\"bellows-menu-item bellows-menu-item-type-taxonomy bellows-menu-item-object-category bellows-menu-item-1122 bellows-item-level-1\"><a  href=\"https:\/\/sob.ueh.edu.vn\/en\/category\/sinh-vien-2\/hoat-dong-doan-hoi\/\" class=\"bellows-target\"><span class=\"bellows-target-title bellows-target-text\">Ho\u1ea1t \u0111\u1ed9ng \u0110o\u00e0n h\u1ed9i<\/span><\/a><\/li>\n\t<li id=\"menu-item-1125\" class=\"bellows-menu-item bellows-menu-item-type-taxonomy bellows-menu-item-object-category bellows-menu-item-1125 bellows-item-level-1\"><a  href=\"https:\/\/sob.ueh.edu.vn\/en\/category\/sinh-vien-2\/tuyen-dung\/\" class=\"bellows-target\"><span class=\"bellows-target-title bellows-target-text\">Tuy\u1ec3n d\u1ee5ng<\/span><\/a><\/li>\n\t<li id=\"menu-item-1124\" class=\"bellows-menu-item bellows-menu-item-type-taxonomy bellows-menu-item-object-category bellows-menu-item-1124 bellows-item-level-1\"><a  href=\"https:\/\/sob.ueh.edu.vn\/en\/category\/sinh-vien-2\/thuc-tap\/\" class=\"bellows-target\"><span class=\"bellows-target-title bellows-target-text\">Th\u1ef1c t\u1eadp<\/span><\/a><\/li>\n\t<li id=\"menu-item-1123\" class=\"bellows-menu-item bellows-menu-item-type-taxonomy bellows-menu-item-object-category bellows-menu-item-1123 bellows-item-level-1\"><a  href=\"https:\/\/sob.ueh.edu.vn\/en\/category\/sinh-vien-2\/hoc-bong\/\" class=\"bellows-target\"><span class=\"bellows-target-title bellows-target-text\">H\u1ecdc b\u1ed5ng<\/span><\/a><\/li>\n\t<li id=\"menu-item-9778\" class=\"bellows-menu-item bellows-menu-item-type-taxonomy bellows-menu-item-object-category bellows-menu-item-9778 bellows-item-level-1\"><a  href=\"https:\/\/sob.ueh.edu.vn\/en\/category\/sinh-vien-2\/alumni-sob\/\" class=\"bellows-target\"><span class=\"bellows-target-title bellows-target-text\">Alumni-SOB<\/span><\/a><\/li>\n<\/ul>\n<\/li>\n<\/ul><\/nav>\t\t\t\t<\/div>\n\t\t\t\t<\/div>\n\t\t\t\t\t<\/div>\n\t\t<\/div>\n\t\t\t\t\t<\/div>\n\t\t<\/section>\n\t\t\t\t<\/div>\n\t\t","protected":false},"excerpt":{"rendered":"<p>Ch\u01b0\u01a1ng tr\u00ecnh \u0110\u00e0o t\u1ea1o C\u1eed nh\u00e2n Th\u1ea1c s\u0129 Ti\u1ebfn s\u0129 C\u1eed nh\u00e2n C\u1eed nh\u00e2n T\u00e0i ch\u00ednh ng\u00e2n h\u00e0ng: chuy\u00ean ng\u00e0nh Ng\u00e2n h\u00e0ng Ng\u00e2n h\u00e0ng qu\u1ed1c t\u1ebf Ng\u00e2n h\u00e0ng \u0111\u1ea7u t\u01b0 Th\u1ecb tr\u01b0\u1eddng ch\u1ee9ng kho\u00e1n Qu\u1ea3n tr\u1ecb t\u00edn d\u1ee5ng C\u1eed nh\u00e2n ch\u1ea5t l\u01b0\u1ee3ng cao ng\u00e0nh T\u00e0i ch\u00ednh Ng\u00e2n h\u00e0ng Ng\u00e2n h\u00e0ng (gi\u1ea3ng d\u1ea1y b\u1eb1ng\u00a0ti\u1ebfng Vi\u1ec7t,\u00a0ti\u1ebfng Anh) [&hellip;]<\/p>\n","protected":false},"author":1,"featured_media":9634,"parent":0,"menu_order":0,"comment_status":"closed","ping_status":"closed","template":"","meta":{"footnotes":""},"class_list":["post-623","page","type-page","status-publish","has-post-thumbnail","hentry"],"_links":{"self":[{"href":"https:\/\/sob.ueh.edu.vn\/en\/wp-json\/wp\/v2\/pages\/623","targetHints":{"allow":["GET"]}}],"collection":[{"href":"https:\/\/sob.ueh.edu.vn\/en\/wp-json\/wp\/v2\/pages"}],"about":[{"href":"https:\/\/sob.ueh.edu.vn\/en\/wp-json\/wp\/v2\/types\/page"}],"author":[{"embeddable":true,"href":"https:\/\/sob.ueh.edu.vn\/en\/wp-json\/wp\/v2\/users\/1"}],"replies":[{"embeddable":true,"href":"https:\/\/sob.ueh.edu.vn\/en\/wp-json\/wp\/v2\/comments?post=623"}],"version-history":[{"count":16,"href":"https:\/\/sob.ueh.edu.vn\/en\/wp-json\/wp\/v2\/pages\/623\/revisions"}],"predecessor-version":[{"id":1110,"href":"https:\/\/sob.ueh.edu.vn\/en\/wp-json\/wp\/v2\/pages\/623\/revisions\/1110"}],"wp:featuredmedia":[{"embeddable":true,"href":"https:\/\/sob.ueh.edu.vn\/en\/wp-json\/wp\/v2\/media\/9634"}],"wp:attachment":[{"href":"https:\/\/sob.ueh.edu.vn\/en\/wp-json\/wp\/v2\/media?parent=623"}],"curies":[{"name":"wp","href":"https:\/\/api.w.org\/{rel}","templated":true}]}}