{"id":632,"date":"2022-09-27T01:12:25","date_gmt":"2022-09-26T18:12:25","guid":{"rendered":"https:\/\/sob.ueh.edu.vn\/en\/?page_id=632"},"modified":"2023-06-20T20:28:00","modified_gmt":"2023-06-20T13:28:00","slug":"gioi-thieu","status":"publish","type":"page","link":"https:\/\/sob.ueh.edu.vn\/en\/gioi-thieu\/","title":{"rendered":"Gi\u1edbi thi\u1ec7u"},"content":{"rendered":"\t\t<div data-elementor-type=\"wp-page\" data-elementor-id=\"632\" class=\"elementor elementor-632\" data-elementor-post-type=\"page\">\n\t\t\t\t\t\t<section class=\"elementor-section elementor-top-section elementor-element elementor-element-9d0ecf0 elementor-section-boxed elementor-section-height-default elementor-section-height-default\" data-id=\"9d0ecf0\" data-element_type=\"section\" data-settings=\"{&quot;jet_parallax_layout_list&quot;:[]}\">\n\t\t\t\t\t\t<div class=\"elementor-container elementor-column-gap-default\">\n\t\t\t\t\t<div class=\"elementor-column elementor-col-50 elementor-top-column elementor-element elementor-element-6cace07\" data-id=\"6cace07\" data-element_type=\"column\">\n\t\t\t<div class=\"elementor-widget-wrap elementor-element-populated\">\n\t\t\t\t\t\t<div class=\"elementor-element elementor-element-da8354c premium-header-inline elementor-widget elementor-widget-premium-addon-dual-header\" data-id=\"da8354c\" data-element_type=\"widget\" data-widget_type=\"premium-addon-dual-header.default\">\n\t\t\t\t<div class=\"elementor-widget-container\">\n\t\t\t\t\t\r\n\t\t\t\t\t<h2 class=\"premium-dual-header-first-header \"><span class=\"premium-dual-header-first-span\">GI\u1edaI THI\u1ec6U <\/span><span class=\"premium-dual-header-second-header \">KHOA NG\u00c2N H\u00c0NG<\/span><\/h2> \t\t\r\n\t\t\t\t\t\t<\/div>\n\t\t\t\t<\/div>\n\t\t\t\t<div class=\"elementor-element elementor-element-c24fd25 elementor-widget elementor-widget-text-editor\" data-id=\"c24fd25\" data-element_type=\"widget\" data-widget_type=\"text-editor.default\">\n\t\t\t\t<div class=\"elementor-widget-container\">\n\t\t\t\t\t\t\t\t\t<p>Khoa Ng\u00e2n h\u00e0ng (School of Banking) &#8211; tr\u01b0\u1eddng \u0110\u1ea1i h\u1ecdc Kinh t\u1ebf TP. H\u1ed3 Ch\u00ed Minh \u0111\u01b0\u1ee3c th\u00e0nh l\u1eadp n\u0103m 2003, nh\u1eb1m m\u1ee5c ti\u00eau tr\u1edf th\u00e0nh c\u01a1 s\u1edf \u0111\u00e0o t\u1ea1o v\u00e0 nghi\u00ean c\u1ee9u h\u00e0ng \u0111\u1ea7u \u1edf Vi\u1ec7t Nam. Khoa Ng\u00e2n h\u00e0ng t\u1eadp trung v\u00e0o \u0111\u00e0o t\u1ea1o v\u00e0 nghi\u00ean c\u1ee9u chuy\u00ean s\u00e2u \u1edf c\u00e1c l\u0129nh v\u1ef1c t\u00e0i ch\u00ednh, ng\u00e2n h\u00e0ng v\u00e0 ch\u1ee9ng kho\u00e1n. Khoa Ng\u00e2n h\u00e0ng cung c\u1ea5p c\u00e1c ch\u01b0\u01a1ng tr\u00ecnh \u0111\u00e0o t\u1ea1o c\u00f3 ch\u1ea5t l\u01b0\u1ee3ng cao cho c\u1ea3 b\u1eadc \u0111\u1ea1i h\u1ecdc v\u00e0 sau \u0111\u1ea1i h\u1ecdc. \u0110\u1ed3ng th\u1eddi, khoa Ng\u00e2n h\u00e0ng c\u0169ng lu\u00f4n g\u1eafn k\u1ebft ch\u1eb7t ch\u1ebd gi\u1eefa ki\u1ebfn th\u1ee9c v\u00e0 th\u1ef1c t\u1ebf th\u00f4ng qua ch\u01b0\u01a1ng tr\u00ecnh h\u1ee3p t\u00e1c gi\u1ea3ng d\u1ea1y k\u1ebft h\u1ee3p v\u1edbi c\u00e1c \u0111\u1ed1i t\u00e1c l\u00e0 Ng\u00e2n h\u00e0ng v\u00e0 c\u00e1c \u0111\u1ecbnh ch\u1ebf t\u00e0i ch\u00ednh \u0111\u1ec3 cung c\u1ea5p ngu\u1ed3n nh\u00e2n s\u1ef1 ch\u1ea5t l\u01b0\u1ee3ng cao cho th\u1ecb tr\u01b0\u1eddng lao \u0111\u1ed9ng.<br \/>Trong g\u1ea7n 20 n\u0103m th\u00e0nh l\u1eadp, khoa Ng\u00e2n h\u00e0ng \u0111\u00e3 \u0111\u00e0o t\u1ea1o h\u00e0ng ng\u00e0n sinh vi\u00ean sinh vi\u00ean chuy\u00ean ng\u00e0nh T\u00e0i ch\u00ednh-Ng\u00e2n h\u00e0ng v\u00e0 Th\u1ecb tr\u01b0\u1eddng ch\u1ee9ng kho\u00e1n. Hi\u1ec7n c\u1ed9ng \u0111\u1ed3ng c\u1ef1u sinh vi\u00ean \u0111\u1ea3m nhi\u1ec7m nhi\u1ec1u v\u1ecb tr\u00ed quan tr\u1ecdng \u1edf h\u1ea7u h\u1ebft c\u00e1c ng\u00e2n h\u00e0ng v\u00e0 t\u1ed5 ch\u1ee9c t\u00e0i ch\u00ednh t\u1ea1i Vi\u1ec7t nam.<\/p>\t\t\t\t\t\t\t\t<\/div>\n\t\t\t\t<\/div>\n\t\t\t\t<div class=\"elementor-element elementor-element-10d22c3 premium-header-inline elementor-widget elementor-widget-premium-addon-dual-header\" data-id=\"10d22c3\" data-element_type=\"widget\" data-widget_type=\"premium-addon-dual-header.default\">\n\t\t\t\t<div class=\"elementor-widget-container\">\n\t\t\t\t\t\r\n\t\t\t\t\t<h2 class=\"premium-dual-header-first-header \"><span class=\"premium-dual-header-first-span\">\u0110\u1ed9i Ng\u0169 <\/span><span class=\"premium-dual-header-second-header \">Nh\u00e2n s\u1ef1<\/span><\/h2> \t\t\r\n\t\t\t\t\t\t<\/div>\n\t\t\t\t<\/div>\n\t\t\t\t<div class=\"elementor-element elementor-element-c0bcca1 elementor-widget elementor-widget-text-editor\" data-id=\"c0bcca1\" data-element_type=\"widget\" data-widget_type=\"text-editor.default\">\n\t\t\t\t<div class=\"elementor-widget-container\">\n\t\t\t\t\t\t\t\t\t<p>Khoa Ng\u00e2n h\u00e0ng c\u00f3 32 gi\u1ea3ng vi\u00ean, trong \u0111\u00f3 70% gi\u1ea3ng vi\u00ean \u0111\u00e3 c\u00f3 tr\u00ecnh \u0111\u1ed9 ti\u1ebfn s\u0129 chuy\u00ean ng\u00e0nh t\u00e0i ch\u00ednh ng\u00e2n h\u00e0ng v\u00e0 h\u01a1n 60% gi\u1ea3ng vi\u00ean c\u1ee7a khoa \u0111\u00e3 t\u1ed1t nghi\u1ec7p th\u1ea1c s\u1ef9, ti\u1ebfn s\u0129 \u1edf c\u00e1c tr\u01b0\u1eddng ti\u00ean ti\u1ebfn \u1edf c\u00e1c n\u01b0\u1edbc nh\u01b0 M\u1ef9, Anh, \u00dac, \u0110\u1ee9c, Nga v\u00e0 Slovakia. Ngo\u00e0i ra khoa ng\u00e2n h\u00e0ng c\u00f2n c\u00f3 s\u1ef1 c\u1ed9ng t\u00e1c c\u1ee7a 1 chuy\u00ean gia nghi\u00ean c\u1ee9u ng\u01b0\u1eddi n\u01b0\u1edbc ngo\u00e0i t\u1eeb tr\u01b0\u1eddng \u0111\u1ea1i h\u1ecdc Huddersfield, Anh.<\/p>\t\t\t\t\t\t\t\t<\/div>\n\t\t\t\t<\/div>\n\t\t\t\t\t<\/div>\n\t\t<\/div>\n\t\t\t\t<div class=\"elementor-column elementor-col-50 elementor-top-column elementor-element elementor-element-d38e7ab\" data-id=\"d38e7ab\" data-element_type=\"column\">\n\t\t\t<div class=\"elementor-widget-wrap elementor-element-populated\">\n\t\t\t\t\t\t<div class=\"elementor-element elementor-element-0751a56 elementor-search-form--skin-classic elementor-search-form--button-type-icon elementor-search-form--icon-search elementor-widget elementor-widget-search-form\" data-id=\"0751a56\" data-element_type=\"widget\" data-settings=\"{&quot;skin&quot;:&quot;classic&quot;}\" data-widget_type=\"search-form.default\">\n\t\t\t\t<div class=\"elementor-widget-container\">\n\t\t\t\t\t\t\t<form class=\"elementor-search-form\" action=\"https:\/\/sob.ueh.edu.vn\/en\" method=\"get\" role=\"search\">\n\t\t\t\t\t\t\t\t\t<div class=\"elementor-search-form__container\">\n\t\t\t\t<label class=\"elementor-screen-only\" for=\"elementor-search-form-0751a56\">Search<\/label>\n\n\t\t\t\t\n\t\t\t\t<input id=\"elementor-search-form-0751a56\" placeholder=\"Search...\" class=\"elementor-search-form__input\" type=\"search\" name=\"s\" value=\"\">\n\t\t\t\t\n\t\t\t\t\t\t\t\t\t<button class=\"elementor-search-form__submit\" type=\"submit\" aria-label=\"Search\">\n\t\t\t\t\t\t\t\t\t\t\t\t\t<i aria-hidden=\"true\" class=\"fas fa-search\"><\/i>\t\t\t\t\t\t\t<span class=\"elementor-screen-only\">Search<\/span>\n\t\t\t\t\t\t\t\t\t\t\t<\/button>\n\t\t\t\t\n\t\t\t\t\t\t\t<\/div>\n\t\t<\/form>\n\t\t\t\t\t\t<\/div>\n\t\t\t\t<\/div>\n\t\t\t\t<div class=\"elementor-element elementor-element-3e5f53c elementor-widget elementor-widget-wp-widget-bellows_navigation_widget\" data-id=\"3e5f53c\" data-element_type=\"widget\" data-widget_type=\"wp-widget-bellows_navigation_widget.default\">\n\t\t\t\t<div class=\"elementor-widget-container\">\n\t\t\t\t\t<nav id=\"bellows-main-46\" class=\"bellows bellows-nojs bellows-main bellows-source-menu bellows-align-full bellows-skin-vanilla bellows-type- bellows-expand-current\"><ul id=\"menu-gioi-thieu\" class=\"bellows-nav\" data-bellows-config=\"main\"><li id=\"menu-item-1163\" class=\"bellows-menu-item bellows-menu-item-type-post_type bellows-menu-item-object-page bellows-menu-item-has-children bellows-menu-item-1163 bellows-item-level-0\"><a  href=\"https:\/\/sob.ueh.edu.vn\/en\/gioi-thieu\/\" class=\"bellows-target\"><span class=\"bellows-target-title bellows-target-text\">Gi\u1edbi thi\u1ec7u<\/span><button class=\"bellows-subtoggle\" aria-label=\"Toggle Submenu\"><i class=\"bellows-subtoggle-icon-expand fa fa-chevron-down\"><\/i><i class=\"bellows-subtoggle-icon-collapse fa fa-chevron-up\"><\/i><\/button><\/a>\n<ul class=\"bellows-submenu\">\n\t<li id=\"menu-item-9807\" class=\"bellows-menu-item bellows-menu-item-type-post_type bellows-menu-item-object-page bellows-menu-item-9807 bellows-item-level-1\"><a  href=\"https:\/\/sob.ueh.edu.vn\/en\/gioi-thieu\/lich-su-hinh-thanh\/\" class=\"bellows-target\"><span class=\"bellows-target-title bellows-target-text\">L\u1ecbch s\u1eed h\u00ecnh th\u00e0nh<\/span><\/a><\/li>\n\t<li id=\"menu-item-9806\" class=\"bellows-menu-item bellows-menu-item-type-post_type bellows-menu-item-object-page bellows-menu-item-9806 bellows-item-level-1\"><a  href=\"https:\/\/sob.ueh.edu.vn\/en\/gioi-thieu\/tam-nhin-su-menh\/\" class=\"bellows-target\"><span class=\"bellows-target-title bellows-target-text\">T\u1ea7m nh\u00ecn \u2013 S\u1ee9 m\u1ec7nh<\/span><\/a><\/li>\n\t<li id=\"menu-item-9805\" class=\"bellows-menu-item bellows-menu-item-type-post_type bellows-menu-item-object-page bellows-menu-item-9805 bellows-item-level-1\"><a  href=\"https:\/\/sob.ueh.edu.vn\/en\/gioi-thieu\/gia-tri-muc-tieu\/\" class=\"bellows-target\"><span class=\"bellows-target-title bellows-target-text\">Gi\u00e1 tr\u1ecb \u2013 M\u1ee5c ti\u00eau<\/span><\/a><\/li>\n\t<li id=\"menu-item-1164\" class=\"bellows-menu-item bellows-menu-item-type-post_type bellows-menu-item-object-page bellows-menu-item-1164 bellows-item-level-1\"><a  href=\"https:\/\/sob.ueh.edu.vn\/en\/gioi-thieu\/co-cau-to-chuc\/\" class=\"bellows-target\"><span class=\"bellows-target-title bellows-target-text\">C\u01a1 c\u1ea5u t\u1ed5 ch\u1ee9c<\/span><\/a><\/li>\n\t<li id=\"menu-item-1165\" class=\"bellows-menu-item bellows-menu-item-type-post_type bellows-menu-item-object-page bellows-menu-item-1165 bellows-item-level-1\"><a  href=\"https:\/\/sob.ueh.edu.vn\/en\/gioi-thieu\/doi-ngu-giang-vien\/\" class=\"bellows-target\"><span class=\"bellows-target-title bellows-target-text\">\u0110\u1ed9i ng\u0169 Gi\u1ea3ng vi\u00ean<\/span><\/a><\/li>\n<\/ul>\n<\/li>\n<\/ul><\/nav>\t\t\t\t<\/div>\n\t\t\t\t<\/div>\n\t\t\t\t<div class=\"elementor-element elementor-element-2e3b757 elementor-widget elementor-widget-image\" data-id=\"2e3b757\" data-element_type=\"widget\" data-widget_type=\"image.default\">\n\t\t\t\t<div class=\"elementor-widget-container\">\n\t\t\t\t\t\t\t\t\t\t\t\t\t\t\t<img fetchpriority=\"high\" decoding=\"async\" width=\"800\" height=\"800\" src=\"https:\/\/sob.ueh.edu.vn\/en\/wp-content\/uploads\/2022\/09\/khoa-ngan-hang-1024x1024.png\" class=\"attachment-large size-large wp-image-635\" alt=\"\" srcset=\"https:\/\/sob.ueh.edu.vn\/en\/wp-content\/uploads\/2022\/09\/khoa-ngan-hang-1024x1024.png 1024w, https:\/\/sob.ueh.edu.vn\/en\/wp-content\/uploads\/2022\/09\/khoa-ngan-hang-300x300.png 300w, https:\/\/sob.ueh.edu.vn\/en\/wp-content\/uploads\/2022\/09\/khoa-ngan-hang-150x150.png 150w, https:\/\/sob.ueh.edu.vn\/en\/wp-content\/uploads\/2022\/09\/khoa-ngan-hang-768x768.png 768w, https:\/\/sob.ueh.edu.vn\/en\/wp-content\/uploads\/2022\/09\/khoa-ngan-hang-600x600.png 600w, https:\/\/sob.ueh.edu.vn\/en\/wp-content\/uploads\/2022\/09\/khoa-ngan-hang-100x100.png 100w, https:\/\/sob.ueh.edu.vn\/en\/wp-content\/uploads\/2022\/09\/khoa-ngan-hang.png 1080w\" sizes=\"(max-width: 800px) 100vw, 800px\" \/>\t\t\t\t\t\t\t\t\t\t\t\t\t\t\t<\/div>\n\t\t\t\t<\/div>\n\t\t\t\t\t<\/div>\n\t\t<\/div>\n\t\t\t\t\t<\/div>\n\t\t<\/section>\n\t\t\t\t<\/div>\n\t\t","protected":false},"excerpt":{"rendered":"<p>GI\u1edaI THI\u1ec6U KHOA NG\u00c2N H\u00c0NG Khoa Ng\u00e2n h\u00e0ng (School of Banking) &#8211; tr\u01b0\u1eddng \u0110\u1ea1i h\u1ecdc Kinh t\u1ebf TP. H\u1ed3 Ch\u00ed Minh \u0111\u01b0\u1ee3c th\u00e0nh l\u1eadp n\u0103m 2003, nh\u1eb1m m\u1ee5c ti\u00eau tr\u1edf th\u00e0nh c\u01a1 s\u1edf \u0111\u00e0o t\u1ea1o v\u00e0 nghi\u00ean c\u1ee9u h\u00e0ng \u0111\u1ea7u \u1edf Vi\u1ec7t Nam. Khoa Ng\u00e2n h\u00e0ng t\u1eadp trung v\u00e0o \u0111\u00e0o t\u1ea1o v\u00e0 nghi\u00ean c\u1ee9u chuy\u00ean [&hellip;]<\/p>\n","protected":false},"author":1,"featured_media":9634,"parent":0,"menu_order":0,"comment_status":"closed","ping_status":"closed","template":"","meta":{"footnotes":""},"class_list":["post-632","page","type-page","status-publish","has-post-thumbnail","hentry"],"_links":{"self":[{"href":"https:\/\/sob.ueh.edu.vn\/en\/wp-json\/wp\/v2\/pages\/632","targetHints":{"allow":["GET"]}}],"collection":[{"href":"https:\/\/sob.ueh.edu.vn\/en\/wp-json\/wp\/v2\/pages"}],"about":[{"href":"https:\/\/sob.ueh.edu.vn\/en\/wp-json\/wp\/v2\/types\/page"}],"author":[{"embeddable":true,"href":"https:\/\/sob.ueh.edu.vn\/en\/wp-json\/wp\/v2\/users\/1"}],"replies":[{"embeddable":true,"href":"https:\/\/sob.ueh.edu.vn\/en\/wp-json\/wp\/v2\/comments?post=632"}],"version-history":[{"count":13,"href":"https:\/\/sob.ueh.edu.vn\/en\/wp-json\/wp\/v2\/pages\/632\/revisions"}],"predecessor-version":[{"id":1178,"href":"https:\/\/sob.ueh.edu.vn\/en\/wp-json\/wp\/v2\/pages\/632\/revisions\/1178"}],"wp:featuredmedia":[{"embeddable":true,"href":"https:\/\/sob.ueh.edu.vn\/en\/wp-json\/wp\/v2\/media\/9634"}],"wp:attachment":[{"href":"https:\/\/sob.ueh.edu.vn\/en\/wp-json\/wp\/v2\/media?parent=632"}],"curies":[{"name":"wp","href":"https:\/\/api.w.org\/{rel}","templated":true}]}}