{"id":9789,"date":"2023-10-04T11:01:29","date_gmt":"2023-10-04T04:01:29","guid":{"rendered":"https:\/\/sob.ueh.edu.vn\/en\/v2\/?page_id=9789"},"modified":"2023-10-04T11:09:35","modified_gmt":"2023-10-04T04:09:35","slug":"tam-nhin-su-menh","status":"publish","type":"page","link":"https:\/\/sob.ueh.edu.vn\/en\/gioi-thieu\/tam-nhin-su-menh\/","title":{"rendered":"T\u1ea7m nh\u00ecn &#8211; S\u1ee9 m\u1ec7nh"},"content":{"rendered":"\t\t<div data-elementor-type=\"wp-page\" data-elementor-id=\"9789\" class=\"elementor elementor-9789\" data-elementor-post-type=\"page\">\n\t\t\t\t\t\t<section class=\"elementor-section elementor-top-section elementor-element elementor-element-23c4043 elementor-section-boxed elementor-section-height-default elementor-section-height-default\" data-id=\"23c4043\" data-element_type=\"section\" data-settings=\"{&quot;jet_parallax_layout_list&quot;:[]}\">\n\t\t\t\t\t\t<div class=\"elementor-container elementor-column-gap-default\">\n\t\t\t\t\t<div class=\"elementor-column elementor-col-50 elementor-top-column elementor-element elementor-element-6e7998b\" data-id=\"6e7998b\" data-element_type=\"column\">\n\t\t\t<div class=\"elementor-widget-wrap elementor-element-populated\">\n\t\t\t\t\t\t<div class=\"elementor-element elementor-element-60126812 elementor-widget elementor-widget-text-editor\" data-id=\"60126812\" data-element_type=\"widget\" data-widget_type=\"text-editor.default\">\n\t\t\t\t<div class=\"elementor-widget-container\">\n\t\t\t\t\t\t\t\t\t<h3><strong>T\u1ea7m nh\u00ecn<\/strong><\/h3>\r\n\u0110\u1ebfn n\u0103m 2020, Tr\u01b0\u1eddng \u0110\u1ea1i h\u1ecdc Kinh t\u1ebf TP. H\u1ed3 Ch\u00ed Minh (UEH) s\u1ebd tr\u1edf th\u00e0nh m\u1ed9t trung t\u00e2m \u0111\u00e0o t\u1ea1o, nghi\u00ean c\u1ee9u v\u00e0 t\u01b0 v\u1ea5n v\u1ec1 khoa h\u1ecdc kinh t\u1ebf, kinh doanh, qu\u1ea3n l\u00fd v\u00e0 lu\u1eadt\u00a0c\u00f3 uy t\u00edn ngang t\u1ea7m v\u1edbi c\u00e1c c\u01a1 s\u1edf \u0111\u00e0o t\u1ea1o \u0111\u1ea1i h\u1ecdc trong khu v\u1ef1c ch\u00e2u \u00c1. Tr\u01b0\u1eddng cung c\u1ea5p cho ng\u01b0\u1eddi h\u1ecdc m\u00f4i tr\u01b0\u1eddng gi\u00e1o d\u1ee5c \u0111\u1ea1i h\u1ecdc v\u00e0 nghi\u00ean c\u1ee9u khoa h\u1ecdc t\u1ed1t nh\u1ea5t, t\u00ednh chuy\u00ean nghi\u1ec7p cao; \u0111\u1ea3m b\u1ea3o cho ng\u01b0\u1eddi h\u1ecdc khi t\u1ed1t nghi\u1ec7p c\u00f3 \u0111\u1ee7 n\u0103ng l\u1ef1c c\u1ea1nh tranh v\u00e0 th\u00edch \u1ee9ng nhanh v\u1edbi n\u1ec1n kinh t\u1ebf to\u00e0n c\u1ea7u.\r\n<h3>S\u1ee9 m\u1ec7nh<\/h3>\r\nTr\u01b0\u1eddng \u0110\u1ea1i h\u1ecdc Kinh t\u1ebf TP. H\u1ed3 Ch\u00ed Minh (UEH) l\u00e0 n\u01a1i cung c\u1ea5p cho ng\u01b0\u1eddi h\u1ecdc c\u00e1c ch\u01b0\u01a1ng tr\u00ecnh \u0111\u00e0o t\u1ea1o ch\u1ea5t l\u01b0\u1ee3ng cao v\u1ec1 khoa h\u1ecdc kinh t\u1ebf, kinh doanh, qu\u1ea3n l\u00fd v\u00e0 lu\u1eadt; \u0111\u1ed3ng th\u1eddi chuy\u1ec3n giao nh\u1eefng k\u1ebft qu\u1ea3 nghi\u00ean c\u1ee9u khoa h\u1ecdc v\u00e0o th\u1ef1c ti\u1ec5n, g\u00f3p ph\u1ea7n ph\u00e1t tri\u1ec3n ngu\u1ed3n nh\u00e2n l\u1ef1c ph\u1ee5c v\u1ee5 cho c\u00f4ng cu\u1ed9c c\u00f4ng nghi\u1ec7p h\u00f3a, hi\u1ec7n \u0111\u1ea1i h\u00f3a \u0111\u1ea5t n\u01b0\u1edbc trong b\u1ed1i c\u1ea3nh h\u1ed9i nh\u1eadp kinh t\u1ebf to\u00e0n c\u1ea7u.\t\t\t\t\t\t\t\t<\/div>\n\t\t\t\t<\/div>\n\t\t\t\t\t<\/div>\n\t\t<\/div>\n\t\t\t\t<div class=\"elementor-column elementor-col-50 elementor-top-column elementor-element elementor-element-f180f5d\" data-id=\"f180f5d\" data-element_type=\"column\">\n\t\t\t<div class=\"elementor-widget-wrap elementor-element-populated\">\n\t\t\t\t\t\t<div class=\"elementor-element elementor-element-6e76aa3 elementor-search-form--skin-classic elementor-search-form--button-type-icon elementor-search-form--icon-search elementor-widget elementor-widget-search-form\" data-id=\"6e76aa3\" data-element_type=\"widget\" data-settings=\"{&quot;skin&quot;:&quot;classic&quot;}\" data-widget_type=\"search-form.default\">\n\t\t\t\t<div class=\"elementor-widget-container\">\n\t\t\t\t\t\t\t<form class=\"elementor-search-form\" action=\"https:\/\/sob.ueh.edu.vn\/en\" method=\"get\" role=\"search\">\n\t\t\t\t\t\t\t\t\t<div class=\"elementor-search-form__container\">\n\t\t\t\t<label class=\"elementor-screen-only\" for=\"elementor-search-form-6e76aa3\">Search<\/label>\n\n\t\t\t\t\n\t\t\t\t<input id=\"elementor-search-form-6e76aa3\" placeholder=\"Search...\" class=\"elementor-search-form__input\" type=\"search\" name=\"s\" value=\"\">\n\t\t\t\t\n\t\t\t\t\t\t\t\t\t<button class=\"elementor-search-form__submit\" type=\"submit\" aria-label=\"Search\">\n\t\t\t\t\t\t\t\t\t\t\t\t\t<i aria-hidden=\"true\" class=\"fas fa-search\"><\/i>\t\t\t\t\t\t\t<span class=\"elementor-screen-only\">Search<\/span>\n\t\t\t\t\t\t\t\t\t\t\t<\/button>\n\t\t\t\t\n\t\t\t\t\t\t\t<\/div>\n\t\t<\/form>\n\t\t\t\t\t\t<\/div>\n\t\t\t\t<\/div>\n\t\t\t\t<div class=\"elementor-element elementor-element-763a41d elementor-widget elementor-widget-wp-widget-bellows_navigation_widget\" data-id=\"763a41d\" data-element_type=\"widget\" data-widget_type=\"wp-widget-bellows_navigation_widget.default\">\n\t\t\t\t<div class=\"elementor-widget-container\">\n\t\t\t\t\t<nav id=\"bellows-main-46\" class=\"bellows bellows-nojs bellows-main bellows-source-menu bellows-align-full bellows-skin-vanilla bellows-type- bellows-expand-current\"><ul id=\"menu-gioi-thieu\" class=\"bellows-nav\" data-bellows-config=\"main\"><li id=\"menu-item-1163\" class=\"bellows-menu-item bellows-menu-item-type-post_type bellows-menu-item-object-page bellows-menu-item-has-children bellows-menu-item-1163 bellows-item-level-0\"><a  href=\"https:\/\/sob.ueh.edu.vn\/en\/gioi-thieu\/\" class=\"bellows-target\"><span class=\"bellows-target-title bellows-target-text\">Gi\u1edbi thi\u1ec7u<\/span><button class=\"bellows-subtoggle\" aria-label=\"Toggle Submenu\"><i class=\"bellows-subtoggle-icon-expand fa fa-chevron-down\"><\/i><i class=\"bellows-subtoggle-icon-collapse fa fa-chevron-up\"><\/i><\/button><\/a>\n<ul class=\"bellows-submenu\">\n\t<li id=\"menu-item-9807\" class=\"bellows-menu-item bellows-menu-item-type-post_type bellows-menu-item-object-page bellows-menu-item-9807 bellows-item-level-1\"><a  href=\"https:\/\/sob.ueh.edu.vn\/en\/gioi-thieu\/lich-su-hinh-thanh\/\" class=\"bellows-target\"><span class=\"bellows-target-title bellows-target-text\">L\u1ecbch s\u1eed h\u00ecnh th\u00e0nh<\/span><\/a><\/li>\n\t<li id=\"menu-item-9806\" class=\"bellows-menu-item bellows-menu-item-type-post_type bellows-menu-item-object-page bellows-menu-item-9806 bellows-item-level-1\"><a  href=\"https:\/\/sob.ueh.edu.vn\/en\/gioi-thieu\/tam-nhin-su-menh\/\" class=\"bellows-target\"><span class=\"bellows-target-title bellows-target-text\">T\u1ea7m nh\u00ecn \u2013 S\u1ee9 m\u1ec7nh<\/span><\/a><\/li>\n\t<li id=\"menu-item-9805\" class=\"bellows-menu-item bellows-menu-item-type-post_type bellows-menu-item-object-page bellows-menu-item-9805 bellows-item-level-1\"><a  href=\"https:\/\/sob.ueh.edu.vn\/en\/gioi-thieu\/gia-tri-muc-tieu\/\" class=\"bellows-target\"><span class=\"bellows-target-title bellows-target-text\">Gi\u00e1 tr\u1ecb \u2013 M\u1ee5c ti\u00eau<\/span><\/a><\/li>\n\t<li id=\"menu-item-1164\" class=\"bellows-menu-item bellows-menu-item-type-post_type bellows-menu-item-object-page bellows-menu-item-1164 bellows-item-level-1\"><a  href=\"https:\/\/sob.ueh.edu.vn\/en\/gioi-thieu\/co-cau-to-chuc\/\" class=\"bellows-target\"><span class=\"bellows-target-title bellows-target-text\">C\u01a1 c\u1ea5u t\u1ed5 ch\u1ee9c<\/span><\/a><\/li>\n\t<li id=\"menu-item-1165\" class=\"bellows-menu-item bellows-menu-item-type-post_type bellows-menu-item-object-page bellows-menu-item-1165 bellows-item-level-1\"><a  href=\"https:\/\/sob.ueh.edu.vn\/en\/gioi-thieu\/doi-ngu-giang-vien\/\" class=\"bellows-target\"><span class=\"bellows-target-title bellows-target-text\">\u0110\u1ed9i ng\u0169 Gi\u1ea3ng vi\u00ean<\/span><\/a><\/li>\n<\/ul>\n<\/li>\n<\/ul><\/nav>\t\t\t\t<\/div>\n\t\t\t\t<\/div>\n\t\t\t\t\t<\/div>\n\t\t<\/div>\n\t\t\t\t\t<\/div>\n\t\t<\/section>\n\t\t\t\t<\/div>\n\t\t","protected":false},"excerpt":{"rendered":"<p>T\u1ea7m nh\u00ecn \u0110\u1ebfn n\u0103m 2020, Tr\u01b0\u1eddng \u0110\u1ea1i h\u1ecdc Kinh t\u1ebf TP. H\u1ed3 Ch\u00ed Minh (UEH) s\u1ebd tr\u1edf th\u00e0nh m\u1ed9t trung t\u00e2m \u0111\u00e0o t\u1ea1o, nghi\u00ean c\u1ee9u v\u00e0 t\u01b0 v\u1ea5n v\u1ec1 khoa h\u1ecdc kinh t\u1ebf, kinh doanh, qu\u1ea3n l\u00fd v\u00e0 lu\u1eadt\u00a0c\u00f3 uy t\u00edn ngang t\u1ea7m v\u1edbi c\u00e1c c\u01a1 s\u1edf \u0111\u00e0o t\u1ea1o \u0111\u1ea1i h\u1ecdc trong khu v\u1ef1c ch\u00e2u [&hellip;]<\/p>\n","protected":false},"author":1,"featured_media":9634,"parent":632,"menu_order":0,"comment_status":"closed","ping_status":"closed","template":"","meta":{"footnotes":""},"class_list":["post-9789","page","type-page","status-publish","has-post-thumbnail","hentry"],"_links":{"self":[{"href":"https:\/\/sob.ueh.edu.vn\/en\/wp-json\/wp\/v2\/pages\/9789","targetHints":{"allow":["GET"]}}],"collection":[{"href":"https:\/\/sob.ueh.edu.vn\/en\/wp-json\/wp\/v2\/pages"}],"about":[{"href":"https:\/\/sob.ueh.edu.vn\/en\/wp-json\/wp\/v2\/types\/page"}],"author":[{"embeddable":true,"href":"https:\/\/sob.ueh.edu.vn\/en\/wp-json\/wp\/v2\/users\/1"}],"replies":[{"embeddable":true,"href":"https:\/\/sob.ueh.edu.vn\/en\/wp-json\/wp\/v2\/comments?post=9789"}],"version-history":[{"count":4,"href":"https:\/\/sob.ueh.edu.vn\/en\/wp-json\/wp\/v2\/pages\/9789\/revisions"}],"predecessor-version":[{"id":9804,"href":"https:\/\/sob.ueh.edu.vn\/en\/wp-json\/wp\/v2\/pages\/9789\/revisions\/9804"}],"up":[{"embeddable":true,"href":"https:\/\/sob.ueh.edu.vn\/en\/wp-json\/wp\/v2\/pages\/632"}],"wp:featuredmedia":[{"embeddable":true,"href":"https:\/\/sob.ueh.edu.vn\/en\/wp-json\/wp\/v2\/media\/9634"}],"wp:attachment":[{"href":"https:\/\/sob.ueh.edu.vn\/en\/wp-json\/wp\/v2\/media?parent=9789"}],"curies":[{"name":"wp","href":"https:\/\/api.w.org\/{rel}","templated":true}]}}